{"id":9,"date":"2022-03-30T21:36:15","date_gmt":"2022-03-30T21:36:15","guid":{"rendered":"http:\/\/rmlucas.com\/?page_id=9"},"modified":"2024-11-05T14:16:42","modified_gmt":"2024-11-05T14:16:42","slug":"products","status":"publish","type":"page","link":"https:\/\/rmlucas.com\/es\/products\/","title":{"rendered":"Productos"},"content":{"rendered":"<h2>\n\t\tPRODUCTOS\n\t<\/h2>\n\t<h3>Azul verdadero desde 1912<\/h3>\n<p><img loading=\"lazy\" decoding=\"async\" src=\"https:\/\/rmlucas.com\/wp-content\/uploads\/2022\/11\/8000_job_site-300x225.jpg\" alt=\"\" width=\"300\" height=\"225\">Los contratistas de todo el pa\u00eds conf\u00edan en los recubrimientos, selladores y adhesivos de la marca Lucas por sus propiedades superiores contra la intemperie y su versatilidad. Lucas Co se compromete a proporcionar a los contratistas profesionales productos que les permitan realizar un trabajo de la m\u00e1s alta calidad en el momento oportuno. Lucas\u2026 \u00a1Azul verdadero desde 1912!<\/p>\n<h3>Cementos y Recubrimientos<\/h3>\n<p>RM Lucas fabrica recubrimientos para techos, paredes, pavimentos y aplicaciones subterr\u00e1neas. Durante m\u00e1s de 100 a\u00f1os, hemos producido de todo, desde materiales asf\u00e1lticos hasta las f\u00f3rmulas reactivas y de curado por humedad modernas m\u00e1s avanzadas. Lucas proporciona soluciones desde la impermeabilizaci\u00f3n hasta la mejora de la eficiencia energ\u00e9tica para todo tipo de construcciones.<\/p>\n<h3>Selladores y masillas<\/h3>\n<p><img loading=\"lazy\" decoding=\"async\" src=\"https:\/\/rmlucas.com\/wp-content\/uploads\/2022\/11\/IMG_2568-2-225x300.jpg\" alt=\"\" width=\"225\" height=\"300\">RM Lucas ofrece una variedad de selladores comerciales de curado por humedad a la vanguardia de la tecnolog\u00eda de selladores de uretano (#9600). Con la capacidad de adherirse a superficies h\u00famedas o bajo el agua y una alta capacidad de movimiento, los selladores de curado por humedad de Lucas se pueden aplicar en casi cualquier superficie.<\/p>\n<p>Tambi\u00e9n contamos con una l\u00ednea de selladores residenciales a base de solventes que ofrecen una excelente adhesi\u00f3n a la mayor\u00eda de las superficies, incluidas madera, vidrio, concreto y canaletas.<\/p>\n<h4>Vea nuestros productos por categor\u00eda utilizando los elementos del men\u00fa que se muestran.<\/h4>\n\t<p><strong>NUESTRAS UBICACIONES<\/strong><\/p>\n<b>Planta Alsip y Oficina Corporativa:<br>\n<\/b>12400 S. Laramie Ave<br>\nAlsip, IL 60803&nbsp;\n<b>&nbsp;<\/b><b>Planta de Chicago:<br>\n<\/b>3211 S. Madera St.<br>\nChicago, IL 60608&nbsp;\n\t<p>&nbsp;<\/p>\n<b>Almac\u00e9n de Austin:<br>\n<\/b>11756 S Austin Ave.<br>\nAlsip, IL 60803 \n\t<p>&nbsp;<\/p>\n<b>Oficina General:<br>\n<\/b>773-523-4300&nbsp;\n<b>Fax general:<br>\n<\/b>773-523-3290","protected":false},"excerpt":{"rendered":"<p>PRODUCTOS True Blue Desde 1912 Los contratistas de todo el pa\u00eds conf\u00edan en los recubrimientos, selladores y adhesivos de la marca Lucas por sus propiedades superiores contra la intemperie y su versatilidad. Lucas Co se compromete a proporcionar a los contratistas profesionales productos que les permitan realizar un trabajo de la m\u00e1s alta calidad en el momento oportuno. Lucas\u2026 \u00a1Azul verdadero desde 1912! Cementos y Recubrimientos\u2026<\/p>","protected":false},"author":1,"featured_media":0,"parent":0,"menu_order":0,"comment_status":"closed","ping_status":"closed","template":"","meta":{"_acf_changed":false,"content-type":"","inline_featured_image":false,"footnotes":""},"class_list":["post-9","page","type-page","status-publish","hentry"],"acf":[],"_links":{"self":[{"href":"https:\/\/rmlucas.com\/es\/wp-json\/wp\/v2\/pages\/9","targetHints":{"allow":["GET"]}}],"collection":[{"href":"https:\/\/rmlucas.com\/es\/wp-json\/wp\/v2\/pages"}],"about":[{"href":"https:\/\/rmlucas.com\/es\/wp-json\/wp\/v2\/types\/page"}],"author":[{"embeddable":true,"href":"https:\/\/rmlucas.com\/es\/wp-json\/wp\/v2\/users\/1"}],"replies":[{"embeddable":true,"href":"https:\/\/rmlucas.com\/es\/wp-json\/wp\/v2\/comments?post=9"}],"version-history":[{"count":9,"href":"https:\/\/rmlucas.com\/es\/wp-json\/wp\/v2\/pages\/9\/revisions"}],"predecessor-version":[{"id":2369,"href":"https:\/\/rmlucas.com\/es\/wp-json\/wp\/v2\/pages\/9\/revisions\/2369"}],"wp:attachment":[{"href":"https:\/\/rmlucas.com\/es\/wp-json\/wp\/v2\/media?parent=9"}],"curies":[{"name":"gracias","href":"https:\/\/api.w.org\/{rel}","templated":true}]}}