{"id":3086,"date":"2025-10-28T20:09:13","date_gmt":"2025-10-28T20:09:13","guid":{"rendered":"https:\/\/rmlucas.com\/?page_id=3086"},"modified":"2025-11-24T14:59:29","modified_gmt":"2025-11-24T14:59:29","slug":"greenco","status":"publish","type":"page","link":"https:\/\/rmlucas.com\/es\/greenco\/","title":{"rendered":"Restore Your Roof (GreenCo)"},"content":{"rendered":"<a href=\"https:\/\/rmlucas.com\/wp-content\/uploads\/2025\/10\/ProblemLeakingRoof_H1.jpg\"  target=\"_self\" itemprop=\"url\">\n\t\t\t\t<img decoding=\"async\" src=\"https:\/\/rmlucas.com\/wp-content\/uploads\/2025\/10\/ProblemLeakingRoof_H1-1024x275.jpg\" alt=\"Problem: Leaking Roof Solution Roof Coating\" itemprop=\"image\" height=\"275\" width=\"1024\" title=\"Problema de goteras en el techo_H1\" onerror=\"this.style.display='none'\" loading=\"lazy\" \/>\n\t\t\t\t<\/a>\n\t\t\t\t<a href=\"https:\/\/rmlucas.com\/wp-content\/uploads\/2025\/10\/GreenCo_Coated_Roof_1.jpg\"  target=\"_self\" itemprop=\"url\">\n\t\t\t\t<img decoding=\"async\" src=\"https:\/\/rmlucas.com\/wp-content\/uploads\/2025\/10\/GreenCo_Coated_Roof_1.jpg\" alt=\"GreenCo Coated Roof Example\" itemprop=\"image\" height=\"1172\" width=\"2334\" title=\"Techo revestido GreenCo_1\" onerror=\"this.style.display='none'\" loading=\"lazy\" \/>\n\t\t\t\t<\/a>\n\t\n<h1>Stop Replacing &#8211; Start Restoring!<\/h1>\n<p>\u00bfPor qu\u00e9 reemplazar un buen techo cuando se puede restaurar por una fracci\u00f3n del costo? Si su techo est\u00e1 llegando al final de su vida \u00fatil o ha comenzado a gotear, esto no significa que deba reemplazarse. En cambio, su techo podr\u00eda ser candidato para una restauraci\u00f3n duradera mediante la aplicaci\u00f3n de un producto l\u00edquido.<\/p>\n<ul>\n<li>Prolongue la vida \u00fatil de su techo hasta por 20 a\u00f1os.<\/li>\n<li>Una fracci\u00f3n del coste de una sustituci\u00f3n completa<\/li>\n<li>Reducir los costos de refrigeraci\u00f3n<\/li>\n<li>Interrupci\u00f3n m\u00ednima del negocio<\/li>\n<\/ul>\n<p>Why spend up to 50% more for a full roof replacement when your existing roof could be restored for a fraction of the cost, time, and stress? Protect your investment, reduce waste, and keep your business running smoothly &#8211; all with a sustainable, long-lasting restoration system.<\/p>\n<p>&nbsp;<\/p>\n<h1>C\u00f3mo funcionan los revestimientos para techos<\/h1>\n\t\t\t\t<a href=\"https:\/\/rmlucas.com\/wp-content\/uploads\/2025\/10\/Lucas-roof-with-drain-v2_blue-copy-scaled.jpg\"  target=\"_self\" itemprop=\"url\">\n\t\t\t\t<img decoding=\"async\" src=\"https:\/\/rmlucas.com\/wp-content\/uploads\/2025\/10\/Lucas-roof-with-drain-v2_blue-copy-1024x326.jpg\" alt=\"Technical Illustration on how roof coating work\" itemprop=\"image\" height=\"326\" width=\"1024\" title=\"Techo Lucas con desag\u00fce v2_blue copia\" onerror=\"this.style.display='none'\" loading=\"lazy\" \/>\n\t\t\t\t<\/a>\n\t\t\t\t<img decoding=\"async\" src=\"https:\/\/rmlucas.com\/wp-content\/plugins\/bb-plugin\/img\/pixel.png\" alt=\"\" itemprop=\"image\" onerror=\"this.style.display='none'\" loading=\"lazy\" \/>\n\t<h1>Beneficios de los recubrimientos para techos<\/h1>\n\t\t\t\t<img decoding=\"async\" src=\"https:\/\/rmlucas.com\/wp-content\/uploads\/2025\/09\/icon-cost.png\" alt=\"Cost-Effective\" itemprop=\"image\" height=\"100\" width=\"100\" title=\"costo del icono\" onerror=\"this.style.display='none'\" loading=\"lazy\" \/>\n\t<h3>Rentable<\/h3>\n<p>Restaure techos viejos a una fracci\u00f3n del costo de un reemplazo de techo.<\/p>\n\t\t\t\t<img decoding=\"async\" src=\"https:\/\/rmlucas.com\/wp-content\/uploads\/2025\/09\/icon-energy.png\" alt=\"Energy Saving\" itemprop=\"image\" height=\"100\" width=\"100\" title=\"icono-energ\u00eda\" onerror=\"this.style.display='none'\" loading=\"lazy\" \/>\n\t<h3>Ahorro de energ\u00eda<\/h3>\n<p>La tecnolog\u00eda reflectante reduce la absorci\u00f3n de calor del techo y ayuda a reducir los gastos de refrigeraci\u00f3n.<\/p>\n\t\t\t\t<img decoding=\"async\" src=\"https:\/\/rmlucas.com\/wp-content\/uploads\/2025\/09\/icon-protection.png\" alt=\"Seamless Protection\" itemprop=\"image\" height=\"100\" width=\"100\" title=\"protecci\u00f3n de iconos\" onerror=\"this.style.display='none'\" loading=\"lazy\" \/>\n\t<h3>Protecci\u00f3n sin fisuras<\/h3>\n<p>Elimina fugas y puntos d\u00e9biles con una superficie monol\u00edtica totalmente adherida.<\/p>\n\t\t\t\t<img decoding=\"async\" src=\"https:\/\/rmlucas.com\/wp-content\/uploads\/2025\/09\/icon-sustanability.png\" alt=\"Sustainable\" itemprop=\"image\" height=\"100\" width=\"100\" title=\"icono-sostenibilidad\" onerror=\"this.style.display='none'\" loading=\"lazy\" \/>\n\t<h3>Sostenible<\/h3>\n<p>Prolonga la vida \u00fatil del techo y reduce los residuos enviados a los vertederos.<\/p>\n\t<h1>Sus expertos locales en recubrimientos<\/h1>\n<p><img loading=\"lazy\" decoding=\"async\" src=\"https:\/\/rmlucas.com\/wp-content\/uploads\/2025\/10\/Final-Logo-1024x566.png\" alt=\"\" width=\"1024\" height=\"566\" \/><\/p>\n<h2>Llamar: <a href=\"tel:972-256-8844\">972-256-8844<\/a>, correo electr\u00f3nico: <a href=\"mailto:coatings@greencoservices.com\">coatings@greencoservices.com<\/a>, o complete el formulario a continuaci\u00f3n para obtener su inspecci\u00f3n y presupuesto de techo GRATIS y sin compromiso.<\/h2>\n\t\n\t\t\t\t\t\t<script>\n\t\t\t\t\t\t\twindow.hsFormsOnReady = window.hsFormsOnReady || [];\n\t\t\t\t\t\t\twindow.hsFormsOnReady.push(()=>{\n\t\t\t\t\t\t\t\thbspt.forms.create({\n\t\t\t\t\t\t\t\t\tportalId: 20894509,\n\t\t\t\t\t\t\t\t\tformId: \"05f1d9cc-370f-4167-ad78-19eba89b9bb9\",\n\t\t\t\t\t\t\t\t\ttarget: \"#hbspt-form-1776287726000-1827835227\",\n\t\t\t\t\t\t\t\t\tregion: \"na1\",\n\t\t\t\t\t\t\t\t\t\n\t\t\t\t\t\t\t})});\n\t\t\t\t\t\t<\/script>\n\t\t\t\t\t\t<div class=\"hbspt-form\" id=\"hbspt-form-1776287726000-1827835227\"><\/div>\n<!-- Event snippet for Page view conversion page\nIn your html page, add the snippet and call gtag_report_conversion when someone clicks on the chosen link or button. --><br \/>\n\n\t<p><strong>NUESTRAS UBICACIONES<\/strong><\/p>\n<b>Planta Alsip y Oficina Corporativa:<br \/>\n<\/b>12400 S. Laramie Ave<br \/>\nAlsip, IL 60803\u00a0\n<b>\u00a0<\/b><b>Planta de Chicago:<br \/>\n<\/b>3211 S. Madera St.<br \/>\nChicago, IL 60608\u00a0\n\t<p>&nbsp;<\/p>\n<b>Almac\u00e9n de Austin:<br \/>\n<\/b>11752 S Austin Ave.<br \/>\nAlsip, IL 60803 \n\t<p>&nbsp;<\/p>\n<b>Oficina General:<br \/>\n<\/b>773-523-4300\u00a0\n<b>Fax general:<br \/>\n<\/b>773-523-3290\u00a0","protected":false},"excerpt":{"rendered":"<p>Stop Replacing &#8211; Start Restoring! Why replace a good roof when you can restore it for a fraction of the cost? If your roof is nearing the end of its service life or has started leaking, this does not mean that it needs to be replaced. Instead, your roof could be a candidate for a&hellip;<\/p>","protected":false},"author":3,"featured_media":0,"parent":0,"menu_order":0,"comment_status":"closed","ping_status":"closed","template":"","meta":{"_acf_changed":false,"content-type":"","inline_featured_image":false,"footnotes":""},"class_list":["post-3086","page","type-page","status-publish","hentry"],"acf":[],"_links":{"self":[{"href":"https:\/\/rmlucas.com\/es\/wp-json\/wp\/v2\/pages\/3086","targetHints":{"allow":["GET"]}}],"collection":[{"href":"https:\/\/rmlucas.com\/es\/wp-json\/wp\/v2\/pages"}],"about":[{"href":"https:\/\/rmlucas.com\/es\/wp-json\/wp\/v2\/types\/page"}],"author":[{"embeddable":true,"href":"https:\/\/rmlucas.com\/es\/wp-json\/wp\/v2\/users\/3"}],"replies":[{"embeddable":true,"href":"https:\/\/rmlucas.com\/es\/wp-json\/wp\/v2\/comments?post=3086"}],"version-history":[{"count":14,"href":"https:\/\/rmlucas.com\/es\/wp-json\/wp\/v2\/pages\/3086\/revisions"}],"predecessor-version":[{"id":3130,"href":"https:\/\/rmlucas.com\/es\/wp-json\/wp\/v2\/pages\/3086\/revisions\/3130"}],"wp:attachment":[{"href":"https:\/\/rmlucas.com\/es\/wp-json\/wp\/v2\/media?parent=3086"}],"curies":[{"name":"gracias","href":"https:\/\/api.w.org\/{rel}","templated":true}]}}