{"id":2918,"date":"2025-09-19T19:35:50","date_gmt":"2025-09-19T19:35:50","guid":{"rendered":"https:\/\/rmlucas.com\/?page_id=2918"},"modified":"2025-09-24T01:58:28","modified_gmt":"2025-09-24T01:58:28","slug":"audience-distributors","status":"publish","type":"page","link":"https:\/\/rmlucas.com\/es\/audience-distributors\/","title":{"rendered":"Distribuidores"},"content":{"rendered":"<h5>\n\t\t\tInformaci\u00f3n para distribuidores\t<\/h5>\n<h1>\n\t\t\tAlmacene los productos que solicitan los contratistas\t<\/h1>\n\t<h2>Construya relaciones m\u00e1s s\u00f3lidas y haga crecer su negocio con recubrimientos de techo premium de Lucas que brindan resultados.<\/h2>\n<p>Cuando los contratistas conf\u00edan en que sus estantes tienen los productos que necesitan, usted se convierte en su proveedor predilecto. Por eso, nuestros recubrimientos, selladores y adhesivos para techos est\u00e1n dise\u00f1ados para un alto rendimiento y cuentan con el respaldo de capacitaci\u00f3n, soporte de ventas y un cumplimiento confiable.<\/p>\n<p>Nos asociamos con distribuidores para impulsar la demanda en los mercados locales, garantizando que sus clientes soliciten nuestros productos por su nombre. Juntos, ayudamos a los contratistas a obtener mejores resultados y a usted a vender m\u00e1s.<\/p>\n\t\t\t\t<img decoding=\"async\" src=\"https:\/\/rmlucas.com\/wp-content\/uploads\/2025\/09\/distributors-feature-1.jpg\" alt=\"Distributors discussing in a warehouse\" itemprop=\"image\" height=\"477\" width=\"1080\" title=\"distribuidores-caracter\u00edstica-1\" onerror=\"this.style.display='none'\" loading=\"lazy\" \/>\n\t<h1>Beneficios clave para los distribuidores<\/h1>\n\t\t\t\t<img decoding=\"async\" src=\"https:\/\/rmlucas.com\/wp-content\/uploads\/2025\/09\/icon-competitive-orange.png\" alt=\"Competitive Margins\" itemprop=\"image\" height=\"100\" width=\"100\" title=\"icono-competitivo-naranja\" onerror=\"this.style.display='none'\" loading=\"lazy\" \/>\n\t<h3>M\u00e1rgenes competitivos<\/h3>\n<p>Estructura de precios competitiva con alto potencial de recompra.<\/p>\n\t\t\t\t<img decoding=\"async\" src=\"https:\/\/rmlucas.com\/wp-content\/uploads\/2025\/09\/icon-trusted-orange.png\" alt=\"Trusted Products\" itemprop=\"image\" height=\"100\" width=\"100\" title=\"icono-naranja-de-confianza\" onerror=\"this.style.display='none'\" loading=\"lazy\" \/>\n\t<h3>Productos de confianza<\/h3>\n<p>Productos confiables respaldados por el reconocimiento de marca nacional.<\/p>\n\t\t\t\t<img decoding=\"async\" src=\"https:\/\/rmlucas.com\/wp-content\/uploads\/2025\/09\/icon-growth-orange.png\" alt=\"Growth Chart\" itemprop=\"image\" height=\"100\" width=\"100\" title=\"icono-crecimiento-naranja\" onerror=\"this.style.display='none'\" loading=\"lazy\" \/>\n\t<h3>Oportunidades de crecimiento<\/h3>\n<p>Programas de co-marketing para impulsar la demanda en su territorio.<\/p>\n\t\t\t\t<img decoding=\"async\" src=\"https:\/\/rmlucas.com\/wp-content\/uploads\/2025\/09\/icon-logistics-orange.png\" alt=\"Logistics and supply chain management\" itemprop=\"image\" height=\"100\" width=\"100\" title=\"icono-log\u00edstica-naranja\" onerror=\"this.style.display='none'\" loading=\"lazy\" \/>\n\t<h3>Soporte de 360\u00b0<\/h3>\n<p>Soporte confiable de log\u00edstica y cadena de suministro.<\/p>\n<h2>\n\t\t\tAs\u00f3ciese con RM Lucas y ofrezca a sus clientes productos de impermeabilizaci\u00f3n y techado confiables en la industria.\t<\/h2>\n\t\t\t<a href=\"\/es\/contact\/\" target=\"_self\">\n\t\t\t\t\t\t\tConvi\u00e9rtete en socio de distribuci\u00f3n\n\t\t\t\t\t<\/a>\n\t<p><strong>NUESTRAS UBICACIONES<\/strong><\/p>\n<b>Planta Alsip y Oficina Corporativa:<br \/>\n<\/b>12400 S. Laramie Ave<br \/>\nAlsip, IL 60803\u00a0\n<b>\u00a0<\/b><b>Planta de Chicago:<br \/>\n<\/b>3211 S. Madera St.<br \/>\nChicago, IL 60608\u00a0\n\t<p>&nbsp;<\/p>\n<b>Almac\u00e9n de Austin:<br \/>\n<\/b>11752 S Austin Ave.<br \/>\nAlsip, IL 60803 \n\t<p>&nbsp;<\/p>\n<b>Oficina General:<br \/>\n<\/b>773-523-4300\u00a0\n<b>Fax general:<br \/>\n<\/b>773-523-3290\u00a0","protected":false},"excerpt":{"rendered":"<p>Informaci\u00f3n para distribuidores: Abast\u00e9zcase de los productos que solicitan los contratistas. Fortalezca sus relaciones y haga crecer su negocio con los recubrimientos para techos premium de Lucas que ofrecen resultados. Cuando los contratistas conf\u00edan en que sus productos est\u00e1n disponibles en sus estantes, usted se convierte en su proveedor predilecto. Por eso, nuestros recubrimientos, selladores y adhesivos para techos est\u00e1n dise\u00f1ados para un alto rendimiento y respaldados...<\/p>","protected":false},"author":5,"featured_media":0,"parent":0,"menu_order":0,"comment_status":"closed","ping_status":"closed","template":"","meta":{"_acf_changed":false,"content-type":"","inline_featured_image":false,"footnotes":""},"class_list":["post-2918","page","type-page","status-publish","hentry"],"acf":[],"_links":{"self":[{"href":"https:\/\/rmlucas.com\/es\/wp-json\/wp\/v2\/pages\/2918","targetHints":{"allow":["GET"]}}],"collection":[{"href":"https:\/\/rmlucas.com\/es\/wp-json\/wp\/v2\/pages"}],"about":[{"href":"https:\/\/rmlucas.com\/es\/wp-json\/wp\/v2\/types\/page"}],"author":[{"embeddable":true,"href":"https:\/\/rmlucas.com\/es\/wp-json\/wp\/v2\/users\/5"}],"replies":[{"embeddable":true,"href":"https:\/\/rmlucas.com\/es\/wp-json\/wp\/v2\/comments?post=2918"}],"version-history":[{"count":3,"href":"https:\/\/rmlucas.com\/es\/wp-json\/wp\/v2\/pages\/2918\/revisions"}],"predecessor-version":[{"id":2945,"href":"https:\/\/rmlucas.com\/es\/wp-json\/wp\/v2\/pages\/2918\/revisions\/2945"}],"wp:attachment":[{"href":"https:\/\/rmlucas.com\/es\/wp-json\/wp\/v2\/media?parent=2918"}],"curies":[{"name":"gracias","href":"https:\/\/api.w.org\/{rel}","templated":true}]}}