{"id":2909,"date":"2025-09-19T16:56:26","date_gmt":"2025-09-19T16:56:26","guid":{"rendered":"https:\/\/rmlucas.com\/?page_id=2909"},"modified":"2025-09-24T01:57:00","modified_gmt":"2025-09-24T01:57:00","slug":"audience-contractors","status":"publish","type":"page","link":"https:\/\/rmlucas.com\/es\/audience-contractors\/","title":{"rendered":"Contratistas"},"content":{"rendered":"<h5>\n\t\t\tInformaci\u00f3n para contratistas\t<\/h5>\n<h1>\n\t\t\tEl socio de recubrimiento de techos en el que puede confiar\t<\/h1>\n\t<h2>Productos de alto rendimiento, soporte r\u00e1pido y las herramientas que necesita para conseguir m\u00e1s trabajos.<\/h2>\n<p>Su reputaci\u00f3n depende de ofrecer soluciones de techado duraderas y rentables, y estamos aqu\u00ed para ayudarle a lograrlo. Los recubrimientos para techos Lucas est\u00e1n dise\u00f1ados para una f\u00e1cil aplicaci\u00f3n, un rendimiento a largo plazo y resultados consistentes que mantienen a los clientes satisfechos.<\/p>\n<p>Vamos m\u00e1s all\u00e1 al ofrecer capacitaci\u00f3n pr\u00e1ctica, apoyo en el lugar de trabajo y recursos de marketing que lo ayudan a destacarse de la competencia.<\/p>\n<p>Con una instalaci\u00f3n r\u00e1pida y sin interrupciones, sus inquilinos permanecer\u00e1n satisfechos, sus costos operativos se mantendr\u00e1n bajos y el valor de su propiedad se mantendr\u00e1 alto.<\/p>\n\t\t\t\t<img decoding=\"async\" src=\"https:\/\/rmlucas.com\/wp-content\/uploads\/2025\/09\/contractor-feature-1.jpg\" alt=\"Contractor applying epoxy to a roof.\" itemprop=\"image\" height=\"477\" width=\"1080\" title=\"caracter\u00edstica-del-contratista-1\" onerror=\"this.style.display='none'\" loading=\"lazy\" \/>\n\t<h1>Beneficios clave para los contratistas<\/h1>\n\t\t\t\t<img decoding=\"async\" src=\"https:\/\/rmlucas.com\/wp-content\/uploads\/2025\/09\/icon-easy-2-orange.png\" alt=\"Easy application process\" itemprop=\"image\" height=\"100\" width=\"100\" title=\"icono-f\u00e1cil-a-naranja\" onerror=\"this.style.display='none'\" loading=\"lazy\" \/>\n\t<h3>F\u00e1cil de aplicar<\/h3>\n<p>Los productos est\u00e1n dise\u00f1ados para ahorrar tiempo y reducir las devoluciones de llamadas.<\/p>\n\t\t\t\t<img decoding=\"async\" src=\"https:\/\/rmlucas.com\/wp-content\/uploads\/2025\/09\/icon-trainingorange.png\" alt=\"Training &amp; Certifications\" itemprop=\"image\" height=\"100\" width=\"100\" title=\"icono-entrenamientonaranja\" onerror=\"this.style.display='none'\" loading=\"lazy\" \/>\n\t<h3>Capacitaci\u00f3n y certificaci\u00f3n<\/h3>\n<p>Programas integrales de capacitaci\u00f3n y certificaci\u00f3n.<\/p>\n\t\t\t\t<img decoding=\"async\" src=\"https:\/\/rmlucas.com\/wp-content\/uploads\/2025\/09\/icon-tech-support-orange.png\" alt=\"Technical Support\" itemprop=\"image\" height=\"100\" width=\"100\" title=\"icono-soporte-tecnico-naranja\" onerror=\"this.style.display='none'\" loading=\"lazy\" \/>\n\t<h3>Apoyo t\u00e9cnico<\/h3>\n<p>.Soporte t\u00e9cnico dedicado antes, durante y despu\u00e9s de cada trabajo.<\/p>\n\t\t\t\t<img decoding=\"async\" src=\"https:\/\/rmlucas.com\/wp-content\/uploads\/2025\/09\/icon-sales-support-orange.png\" alt=\"Sales Support\" itemprop=\"image\" height=\"100\" width=\"100\" title=\"icono-soporte-de-ventas-naranja\" onerror=\"this.style.display='none'\" loading=\"lazy\" \/>\n\t<h3>Soporte de ventas<\/h3>\n<p>Herramientas de marketing y ventas para ayudarle a cerrar m\u00e1s tratos.<\/p>\n<h2>\n\t\t\tDestaca en la industria y desbloquea nuevas oportunidades.\t<\/h2>\n\t\t\t<a href=\"\/es\/contact\/\" target=\"_self\">\n\t\t\t\t\t\t\t\u00a1Solicite ser un aplicador certificado hoy!\n\t\t\t\t\t<\/a>\n\t<p><strong>NUESTRAS UBICACIONES<\/strong><\/p>\n<b>Planta Alsip y Oficina Corporativa:<br \/>\n<\/b>12400 S. Laramie Ave<br \/>\nAlsip, IL 60803\u00a0\n<b>\u00a0<\/b><b>Planta de Chicago:<br \/>\n<\/b>3211 S. Madera St.<br \/>\nChicago, IL 60608\u00a0\n\t<p>&nbsp;<\/p>\n<b>Almac\u00e9n de Austin:<br \/>\n<\/b>11752 S Austin Ave.<br \/>\nAlsip, IL 60803 \n\t<p>&nbsp;<\/p>\n<b>Oficina General:<br \/>\n<\/b>773-523-4300\u00a0\n<b>Fax general:<br \/>\n<\/b>773-523-3290\u00a0","protected":false},"excerpt":{"rendered":"<p>Informaci\u00f3n para contratistas: El socio confiable en recubrimientos para techos. Productos de alto rendimiento, soporte r\u00e1pido y las herramientas que necesita para conseguir m\u00e1s proyectos. Su reputaci\u00f3n depende de ofrecer soluciones de techado duraderas y rentables, y estamos aqu\u00ed para ayudarle a lograrlo. Los recubrimientos para techos Lucas est\u00e1n dise\u00f1ados para una f\u00e1cil aplicaci\u00f3n, un rendimiento a largo plazo y resultados consistentes que mantienen a los clientes satisfechos\u2026<\/p>","protected":false},"author":5,"featured_media":0,"parent":0,"menu_order":0,"comment_status":"closed","ping_status":"closed","template":"","meta":{"_acf_changed":false,"content-type":"","inline_featured_image":false,"footnotes":""},"class_list":["post-2909","page","type-page","status-publish","hentry"],"acf":[],"_links":{"self":[{"href":"https:\/\/rmlucas.com\/es\/wp-json\/wp\/v2\/pages\/2909","targetHints":{"allow":["GET"]}}],"collection":[{"href":"https:\/\/rmlucas.com\/es\/wp-json\/wp\/v2\/pages"}],"about":[{"href":"https:\/\/rmlucas.com\/es\/wp-json\/wp\/v2\/types\/page"}],"author":[{"embeddable":true,"href":"https:\/\/rmlucas.com\/es\/wp-json\/wp\/v2\/users\/5"}],"replies":[{"embeddable":true,"href":"https:\/\/rmlucas.com\/es\/wp-json\/wp\/v2\/comments?post=2909"}],"version-history":[{"count":4,"href":"https:\/\/rmlucas.com\/es\/wp-json\/wp\/v2\/pages\/2909\/revisions"}],"predecessor-version":[{"id":2944,"href":"https:\/\/rmlucas.com\/es\/wp-json\/wp\/v2\/pages\/2909\/revisions\/2944"}],"wp:attachment":[{"href":"https:\/\/rmlucas.com\/es\/wp-json\/wp\/v2\/media?parent=2909"}],"curies":[{"name":"gracias","href":"https:\/\/api.w.org\/{rel}","templated":true}]}}