{"id":2895,"date":"2025-09-19T15:39:49","date_gmt":"2025-09-19T15:39:49","guid":{"rendered":"https:\/\/rmlucas.com\/?page_id=2895"},"modified":"2025-09-24T01:55:33","modified_gmt":"2025-09-24T01:55:33","slug":"audience-building-owners","status":"publish","type":"page","link":"https:\/\/rmlucas.com\/es\/audience-building-owners\/","title":{"rendered":"Propietarios de edificios"},"content":{"rendered":"<h5>\n\t\t\tInformaci\u00f3n para propietarios de edificios\t<\/h5>\n<h1>\n\t\t\tProteja su inversi\u00f3n. Prolongue la vida \u00fatil de su techo.\t<\/h1>\n\t<h2>Reduzca costos, mejore la eficiencia energ\u00e9tica y evite reemplazos de techos disruptivos con nuestros recubrimientos de techo de alto rendimiento.<\/h2>\n<p>Su techo es uno de los activos m\u00e1s valiosos de su propiedad y uno de los m\u00e1s costosos de reemplazar. <strong>Sistemas de recubrimiento de techos Lucas Total Protection<\/strong> Proporciona una alternativa rentable que extiende la vida \u00fatil del techo entre 10 y 20 a\u00f1os, mejora la eficiencia energ\u00e9tica y protege su edificio contra goteras y da\u00f1os clim\u00e1ticos.<\/p>\n<p>Con una instalaci\u00f3n r\u00e1pida y sin interrupciones, sus inquilinos permanecer\u00e1n satisfechos, sus costos operativos se mantendr\u00e1n bajos y el valor de su propiedad se mantendr\u00e1 alto.<\/p>\n\t\t\t\t<img decoding=\"async\" src=\"https:\/\/rmlucas.com\/wp-content\/uploads\/2025\/09\/builing-owner-feature-1.jpg\" alt=\"Roofing solutions for building owners\" itemprop=\"image\" height=\"477\" width=\"1080\" title=\"caracter\u00edstica-1-del-propietario-del-edificio\" onerror=\"this.style.display='none'\" loading=\"lazy\" \/>\n\t<h1>Beneficios clave para los propietarios de edificios<\/h1>\n\t\t\t\t<img decoding=\"async\" src=\"https:\/\/rmlucas.com\/wp-content\/uploads\/2025\/09\/icon-half-price-orange.png\" alt=\"cut costs in half\" itemprop=\"image\" height=\"100\" width=\"100\" title=\"icono-mitad-de-precio-naranja\" onerror=\"this.style.display='none'\" loading=\"lazy\" \/>\n\t<h3>La mitad del costo<\/h3>\n<p>En comparaci\u00f3n con el reemplazo de techo tradicional.<\/p>\n\t\t\t\t<img decoding=\"async\" src=\"https:\/\/rmlucas.com\/wp-content\/uploads\/2025\/09\/icon-time-orange.png\" alt=\"minimize downtime\" itemprop=\"image\" height=\"100\" width=\"100\" title=\"icono-tiempo-naranja\" onerror=\"this.style.display='none'\" loading=\"lazy\" \/>\n\t<h3>Minimizar el tiempo de inactividad<\/h3>\n<p>Las instalaciones son r\u00e1pidas y no invasivas.<\/p>\n\t\t\t\t<img decoding=\"async\" src=\"https:\/\/rmlucas.com\/wp-content\/uploads\/2025\/09\/icon-cooling-orange.png\" alt=\"Reduce Cooling Costs\" itemprop=\"image\" height=\"100\" width=\"100\" title=\"icono-enfriamiento-naranja\" onerror=\"this.style.display='none'\" loading=\"lazy\" \/>\n\t<h3>Reducir los costos de refrigeraci\u00f3n<\/h3>\n<p>Los recubrimientos de Lucas son reflectantes y energ\u00e9ticamente eficientes.<\/p>\n\t\t\t\t<img decoding=\"async\" src=\"https:\/\/rmlucas.com\/wp-content\/uploads\/2025\/09\/icon-easy-2-orange.png\" alt=\"Easy application process\" itemprop=\"image\" height=\"100\" width=\"100\" title=\"icono-f\u00e1cil-a-naranja\" onerror=\"this.style.display='none'\" loading=\"lazy\" \/>\n\t<h3>Facilidad de aplicaci\u00f3n<\/h3>\n<p>Aplicaci\u00f3n suave y consistente para acabados limpios.<\/p>\n\t\t\t\t<img decoding=\"async\" src=\"https:\/\/rmlucas.com\/wp-content\/uploads\/2025\/09\/icon-environmentally-friendly-orange.png\" alt=\"Environmentally Friendly\" itemprop=\"image\" height=\"100\" width=\"100\" title=\"icono-ecol\u00f3gico-naranja\" onerror=\"this.style.display='none'\" loading=\"lazy\" \/>\n\t<h3>Respetuoso con el medio ambiente<\/h3>\n<p>Soluciones que no generan residuos de materiales de construcci\u00f3n en vertederos<\/p>\n<h2>\n\t\t\tConozca el estado de su techo antes de que le cueste dinero. Obtenga una evaluaci\u00f3n gratuita de un experto y planifique con confianza.\t<\/h2>\n\t\t\t<a href=\"\/es\/contact\/\" target=\"_self\">\n\t\t\t\t\t\t\tSolicite una evaluaci\u00f3n de techo gratuita\n\t\t\t\t\t<\/a>\n\t<p><strong>NUESTRAS UBICACIONES<\/strong><\/p>\n<b>Planta Alsip y Oficina Corporativa:<br \/>\n<\/b>12400 S. Laramie Ave<br \/>\nAlsip, IL 60803\u00a0\n<b>\u00a0<\/b><b>Planta de Chicago:<br \/>\n<\/b>3211 S. Madera St.<br \/>\nChicago, IL 60608\u00a0\n\t<p>&nbsp;<\/p>\n<b>Almac\u00e9n de Austin:<br \/>\n<\/b>11752 S Austin Ave.<br \/>\nAlsip, IL 60803 \n\t<p>&nbsp;<\/p>\n<b>Oficina General:<br \/>\n<\/b>773-523-4300\u00a0\n<b>Fax general:<br \/>\n<\/b>773-523-3290\u00a0","protected":false},"excerpt":{"rendered":"<p>Informaci\u00f3n para propietarios de edificios: Proteja su inversi\u00f3n. Prolongue la vida \u00fatil de su techo. Reduzca costos, mejore la eficiencia energ\u00e9tica y evite reemplazos de techos disruptivos con nuestros recubrimientos para techos de alto rendimiento. Su techo es uno de los activos m\u00e1s valiosos de su propiedad y uno de los m\u00e1s costosos de reemplazar. Los sistemas de recubrimiento para techos Lucas Total Protection ofrecen una alternativa rentable que prolonga\u2026<\/p>","protected":false},"author":5,"featured_media":0,"parent":0,"menu_order":0,"comment_status":"closed","ping_status":"closed","template":"","meta":{"_acf_changed":false,"content-type":"","inline_featured_image":false,"footnotes":""},"class_list":["post-2895","page","type-page","status-publish","hentry"],"acf":[],"_links":{"self":[{"href":"https:\/\/rmlucas.com\/es\/wp-json\/wp\/v2\/pages\/2895","targetHints":{"allow":["GET"]}}],"collection":[{"href":"https:\/\/rmlucas.com\/es\/wp-json\/wp\/v2\/pages"}],"about":[{"href":"https:\/\/rmlucas.com\/es\/wp-json\/wp\/v2\/types\/page"}],"author":[{"embeddable":true,"href":"https:\/\/rmlucas.com\/es\/wp-json\/wp\/v2\/users\/5"}],"replies":[{"embeddable":true,"href":"https:\/\/rmlucas.com\/es\/wp-json\/wp\/v2\/comments?post=2895"}],"version-history":[{"count":7,"href":"https:\/\/rmlucas.com\/es\/wp-json\/wp\/v2\/pages\/2895\/revisions"}],"predecessor-version":[{"id":2943,"href":"https:\/\/rmlucas.com\/es\/wp-json\/wp\/v2\/pages\/2895\/revisions\/2943"}],"wp:attachment":[{"href":"https:\/\/rmlucas.com\/es\/wp-json\/wp\/v2\/media?parent=2895"}],"curies":[{"name":"gracias","href":"https:\/\/api.w.org\/{rel}","templated":true}]}}