{"id":2864,"date":"2025-09-09T18:24:04","date_gmt":"2025-09-09T18:24:04","guid":{"rendered":"https:\/\/rmlucas.com\/?page_id=2864"},"modified":"2025-09-11T15:59:20","modified_gmt":"2025-09-11T15:59:20","slug":"landing-cealants-caulks","status":"publish","type":"page","link":"https:\/\/rmlucas.com\/es\/landing-cealants-caulks\/","title":{"rendered":"Selladores y masillas"},"content":{"rendered":"<h1>\n\t\t\tLUCAS Sealants &#038; Caulks\t<\/h1>\n\t<h2>Soluciones flexibles para una protecci\u00f3n herm\u00e9tica y estanca.<\/h2>\n<p>Desde los detalles del techo hasta las envolventes del edificio, nuestro <strong>Lucas<\/strong> <strong>Selladores y masillas<\/strong> Ofrecen una adhesi\u00f3n fuerte y flexible para impedir la entrada del aire y la humedad donde m\u00e1s importa. Dise\u00f1ados para un rendimiento profesional, garantizan protecci\u00f3n a largo plazo contra fugas, corrientes de aire y da\u00f1os ambientales.<\/p>\n\t\t\t\t<img decoding=\"async\" src=\"https:\/\/rmlucas.com\/wp-content\/uploads\/2025\/09\/roof-sealant-feature-1.jpg\" alt=\"LUCAS Sealant\" itemprop=\"image\" height=\"477\" width=\"1080\" title=\"sellador de techo caracter\u00edstica 1\" onerror=\"this.style.display='none'\" loading=\"lazy\" \/>\n\t<h1>\u00bfPor qu\u00e9 elegir Lucas Roof Cements &amp; Coatings?<\/h1>\n\t\t\t\t<img decoding=\"async\" src=\"https:\/\/rmlucas.com\/wp-content\/uploads\/2025\/09\/icon-flexibility.png\" alt=\"Superior Flexibility\" itemprop=\"image\" height=\"100\" width=\"100\" title=\"flexibilidad de iconos\" onerror=\"this.style.display='none'\" loading=\"lazy\" \/>\n\t<h3>Flexibilidad superior<\/h3>\n<p>Se expande y contrae con el movimiento del edificio.<\/p>\n\t\t\t\t<img decoding=\"async\" src=\"https:\/\/rmlucas.com\/wp-content\/uploads\/2025\/09\/icon-watertight.png\" alt=\"Watertight\" itemprop=\"image\" height=\"100\" width=\"100\" title=\"icono-herm\u00e9tico\" onerror=\"this.style.display='none'\" loading=\"lazy\" \/>\n\t<h3>Watertight &#038; Airtight<\/h3>\n<p>Protege contra fugas y corrientes de aire.<\/p>\n\t\t\t\t<img decoding=\"async\" src=\"https:\/\/rmlucas.com\/wp-content\/uploads\/2025\/09\/icon-adhesion.png\" alt=\"Adhesion\" itemprop=\"image\" height=\"100\" width=\"100\" title=\"adhesi\u00f3n de iconos\" onerror=\"this.style.display='none'\" loading=\"lazy\" \/>\n\t<h3>Excelente adherencia<\/h3>\n<p>Se adhiere a una amplia gama de materiales de construcci\u00f3n.<\/p>\n\t\t\t\t<img decoding=\"async\" src=\"https:\/\/rmlucas.com\/wp-content\/uploads\/2025\/09\/icon-easy.png\" alt=\"Easy Application\" itemprop=\"image\" height=\"100\" width=\"100\" title=\"icono-f\u00e1cil\" onerror=\"this.style.display='none'\" loading=\"lazy\" \/>\n\t<h3>Facilidad de aplicaci\u00f3n<\/h3>\n<p>Aplicaci\u00f3n suave y consistente para acabados limpios.<\/p>\n\t<h2>Nuestros sistemas de recubrimiento de techos incluyen<\/h2>\n<h3><strong>Selladores de poliuretano h\u00edbridos<\/strong><\/h3>\n<p>Fuerte, flexible y duradero para aplicaciones pesadas.<\/p>\n<h3><strong>Selladores termopl\u00e1sticos<\/strong><\/h3>\n<p>Excelente resistencia a los rayos UV y a la intemperie para un rendimiento duradero. Ideal para aplicaciones residenciales.<\/p>\n<h3><strong>Selladores Ultra Clear<\/strong><\/h3>\n<p>F\u00f3rmula termopl\u00e1stica \u00f3pticamente transparente para cuando la apariencia debe coincidir con el rendimiento.<\/p>\n<h2>\n\t\t\tProductos de revestimiento de techos\t<\/h2>\n<h2>\n\t\t\tDesde el sellado de penetraciones de techos hasta el acabado de juntas y uniones, Lucas Sealants and Caulks brinda resultados profesionales en los que puede confiar.\t<\/h2>\n\t\t\t<a href=\"\/es\/contact\/\" target=\"_self\">\n\t\t\t\t\t\t\tHabla con LUCAS\n\t\t\t\t\t<\/a>\n\t<p><strong>NUESTRAS UBICACIONES<\/strong><\/p>\n<b>Planta Alsip y Oficina Corporativa:<br \/>\n<\/b>12400 S. Laramie Ave<br \/>\nAlsip, IL 60803\u00a0\n<b>\u00a0<\/b><b>Planta de Chicago:<br \/>\n<\/b>3211 S. Madera St.<br \/>\nChicago, IL 60608\u00a0\n\t<p>&nbsp;<\/p>\n<b>Almac\u00e9n de Austin:<br \/>\n<\/b>11752 S Austin Ave.<br \/>\nAlsip, IL 60803 \n\t<p>&nbsp;<\/p>\n<b>Oficina General:<br \/>\n<\/b>773-523-4300\u00a0\n<b>Fax general:<br \/>\n<\/b>773-523-3290\u00a0","protected":false},"excerpt":{"rendered":"<p>LUCAS Sealants &#038; Caulks Flexible Solutions for Airtight, Watertight Protection. From roof details to building envelopes, our Lucas Sealants and Caulks deliver strong, flexible adhesion to keep air and moisture out where it matters most. Engineered for professional-grade performance, they ensure long-term protection against leaks, drafts, and environmental damage. Why choose Lucas Roof Cements &amp;&hellip;<\/p>","protected":false},"author":5,"featured_media":0,"parent":0,"menu_order":0,"comment_status":"closed","ping_status":"closed","template":"","meta":{"_acf_changed":false,"content-type":"","inline_featured_image":false,"footnotes":""},"class_list":["post-2864","page","type-page","status-publish","hentry"],"acf":[],"_links":{"self":[{"href":"https:\/\/rmlucas.com\/es\/wp-json\/wp\/v2\/pages\/2864","targetHints":{"allow":["GET"]}}],"collection":[{"href":"https:\/\/rmlucas.com\/es\/wp-json\/wp\/v2\/pages"}],"about":[{"href":"https:\/\/rmlucas.com\/es\/wp-json\/wp\/v2\/types\/page"}],"author":[{"embeddable":true,"href":"https:\/\/rmlucas.com\/es\/wp-json\/wp\/v2\/users\/5"}],"replies":[{"embeddable":true,"href":"https:\/\/rmlucas.com\/es\/wp-json\/wp\/v2\/comments?post=2864"}],"version-history":[{"count":7,"href":"https:\/\/rmlucas.com\/es\/wp-json\/wp\/v2\/pages\/2864\/revisions"}],"predecessor-version":[{"id":2887,"href":"https:\/\/rmlucas.com\/es\/wp-json\/wp\/v2\/pages\/2864\/revisions\/2887"}],"wp:attachment":[{"href":"https:\/\/rmlucas.com\/es\/wp-json\/wp\/v2\/media?parent=2864"}],"curies":[{"name":"gracias","href":"https:\/\/api.w.org\/{rel}","templated":true}]}}