{"id":2855,"date":"2025-09-09T18:22:27","date_gmt":"2025-09-09T18:22:27","guid":{"rendered":"https:\/\/rmlucas.com\/?page_id=2855"},"modified":"2025-09-12T17:15:42","modified_gmt":"2025-09-12T17:15:42","slug":"landing-roof-cement-coatings","status":"publish","type":"page","link":"https:\/\/rmlucas.com\/es\/landing-roof-cement-coatings\/","title":{"rendered":"Cementos y revestimientos para techos"},"content":{"rendered":"<h1>\n\t\t\tLUCAS Roof Cements &#038; Coatings\t<\/h1>\n\t<h2>Reparaci\u00f3n y refuerzo confiables para cada techo.<\/h2>\n<p><strong>Cementos y revestimientos para techos Lucas<\/strong> Est\u00e1n dise\u00f1ados para detener fugas r\u00e1pidamente y brindar protecci\u00f3n duradera contra la intemperie. Ideales tanto para reparaciones de emergencia como para refuerzos a largo plazo, estos productos son de confianza para contratistas y administradores de instalaciones por su facilidad de uso y rendimiento confiable.<\/p>\n\t\t\t\t<img decoding=\"async\" src=\"https:\/\/rmlucas.com\/wp-content\/uploads\/2025\/09\/roof-cement-feature-1.jpg\" alt=\"Lucas Roof Cement\" itemprop=\"image\" height=\"477\" width=\"1080\" title=\"caracter\u00edstica de cemento para techo 1\" onerror=\"this.style.display='none'\" loading=\"lazy\" \/>\n\t<h1>\u00bfPor qu\u00e9 elegir Lucas Roof Cements &amp; Coatings?<\/h1>\n\t\t\t\t<img decoding=\"async\" src=\"https:\/\/rmlucas.com\/wp-content\/uploads\/2025\/09\/icon-leak-protection.png\" alt=\"Leak Protection\" itemprop=\"image\" height=\"100\" width=\"100\" title=\"protecci\u00f3n contra fugas de iconos\" onerror=\"this.style.display='none'\" loading=\"lazy\" \/>\n\t<h3>Protecci\u00f3n instant\u00e1nea contra fugas<\/h3>\n<p>Sella r\u00e1pidamente grietas, rajaduras y perforaciones.<\/p>\n\t\t\t\t<img decoding=\"async\" src=\"https:\/\/rmlucas.com\/wp-content\/uploads\/2025\/09\/icon-all-weather.png\" alt=\"All Weather\" itemprop=\"image\" height=\"100\" width=\"100\" title=\"icono para todo tipo de clima\" onerror=\"this.style.display='none'\" loading=\"lazy\" \/>\n\t<h3>Aplicaci\u00f3n para todo tipo de clima<\/h3>\n<p>Dise\u00f1ado para funcionar en condiciones h\u00famedas o secas.<\/p>\n\t\t\t\t<img decoding=\"async\" src=\"https:\/\/rmlucas.com\/wp-content\/uploads\/2025\/09\/icon-durability.png\" alt=\"Durability\" itemprop=\"image\" height=\"100\" width=\"100\" title=\"durabilidad de los iconos\" onerror=\"this.style.display='none'\" loading=\"lazy\" \/>\n\t<h3>Durabilidad duradera<\/h3>\n<p>Formulado para resistir el agrietamiento, el descascarillado y la intemperie.<\/p>\n\t\t\t\t<img decoding=\"async\" src=\"https:\/\/rmlucas.com\/wp-content\/uploads\/2025\/09\/icon-versatiliy.png\" alt=\"Versatile Use\" itemprop=\"image\" height=\"100\" width=\"100\" title=\"versatilidad de iconos\" onerror=\"this.style.display='none'\" loading=\"lazy\" \/>\n\t<h3>Uso vers\u00e1til<\/h3>\n<p>Compatible con una variedad de sustratos para techos.<\/p>\n\t<h2>Nuestros sistemas de recubrimiento de techos incluyen<\/h2>\n<h3><strong>Recubrimientos de silicona para techos<\/strong><\/h3>\n<p>Excelente resistencia a los rayos UV y protecci\u00f3n contra el agua estancada.<\/p>\n<h3><strong>Recubrimientos para techos SEBS<\/strong><\/h3>\n<p>Adherencia y flexibilidad superiores para una durabilidad a largo plazo.<\/p>\n<h3><strong>Recubrimientos acr\u00edlicos para techos<\/strong><\/h3>\n<p>Altamente reflectante, energ\u00e9ticamente eficiente y f\u00e1cil de aplicar.<\/p>\n<h3>Recubrimientos a base de asfalto<\/h3>\n<p>Protecci\u00f3n y refuerzo probados para cubiertas de bet\u00fan modificado y reforzado.<\/p>\n<h3>Recubrimientos de aluminio<\/h3>\n<p>Altamente reflectante para reducir sustancialmente la temperatura interior y prolongar la vida \u00fatil.<\/p>\n\t\t\t\t<img decoding=\"async\" src=\"https:\/\/rmlucas.com\/wp-content\/uploads\/2025\/09\/lucas-application-guide.jpg\" alt=\"Lucas Application Guide\" itemprop=\"image\" height=\"1255\" width=\"1600\" title=\"Gu\u00eda de la aplicaci\u00f3n Lucas\" onerror=\"this.style.display='none'\" loading=\"lazy\" \/>\n<h2>\n\t\t\tProductos de revestimiento de techos\t<\/h2>\n<h2>\n\t\t\tWhether it&#8217;s a small patch job or preventative maintenance, Lucas Roof Cements and Coatings provide the reliability you need to keep your roof performing.\t<\/h2>\n\t\t\t<a href=\"\/es\/contact\/\" target=\"_self\">\n\t\t\t\t\t\t\tHabla con LUCAS\n\t\t\t\t\t<\/a>\n\t<p><strong>NUESTRAS UBICACIONES<\/strong><\/p>\n<b>Planta Alsip y Oficina Corporativa:<br \/>\n<\/b>12400 S. Laramie Ave<br \/>\nAlsip, IL 60803\u00a0\n<b>\u00a0<\/b><b>Planta de Chicago:<br \/>\n<\/b>3211 S. Madera St.<br \/>\nChicago, IL 60608\u00a0\n\t<p>&nbsp;<\/p>\n<b>Almac\u00e9n de Austin:<br \/>\n<\/b>11752 S Austin Ave.<br \/>\nAlsip, IL 60803 \n\t<p>&nbsp;<\/p>\n<b>Oficina General:<br \/>\n<\/b>773-523-4300\u00a0\n<b>Fax general:<br \/>\n<\/b>773-523-3290\u00a0","protected":false},"excerpt":{"rendered":"<p>Cementos y Recubrimientos para Techos LUCAS: Reparaci\u00f3n y Refuerzo Confiables para Todo Tipo de Techos. Los Cementos y Recubrimientos para Techos Lucas est\u00e1n dise\u00f1ados para detener fugas r\u00e1pidamente y brindar protecci\u00f3n duradera contra la intemperie. Ideales tanto para reparaciones de emergencia como para refuerzos a largo plazo, estos productos son de confianza para contratistas y administradores de instalaciones por su facilidad de uso y rendimiento confiable.<\/p>","protected":false},"author":5,"featured_media":0,"parent":0,"menu_order":0,"comment_status":"closed","ping_status":"closed","template":"","meta":{"_acf_changed":false,"content-type":"","inline_featured_image":false,"footnotes":""},"class_list":["post-2855","page","type-page","status-publish","hentry"],"acf":[],"_links":{"self":[{"href":"https:\/\/rmlucas.com\/es\/wp-json\/wp\/v2\/pages\/2855","targetHints":{"allow":["GET"]}}],"collection":[{"href":"https:\/\/rmlucas.com\/es\/wp-json\/wp\/v2\/pages"}],"about":[{"href":"https:\/\/rmlucas.com\/es\/wp-json\/wp\/v2\/types\/page"}],"author":[{"embeddable":true,"href":"https:\/\/rmlucas.com\/es\/wp-json\/wp\/v2\/users\/5"}],"replies":[{"embeddable":true,"href":"https:\/\/rmlucas.com\/es\/wp-json\/wp\/v2\/comments?post=2855"}],"version-history":[{"count":6,"href":"https:\/\/rmlucas.com\/es\/wp-json\/wp\/v2\/pages\/2855\/revisions"}],"predecessor-version":[{"id":2892,"href":"https:\/\/rmlucas.com\/es\/wp-json\/wp\/v2\/pages\/2855\/revisions\/2892"}],"wp:attachment":[{"href":"https:\/\/rmlucas.com\/es\/wp-json\/wp\/v2\/media?parent=2855"}],"curies":[{"name":"gracias","href":"https:\/\/api.w.org\/{rel}","templated":true}]}}