{"id":2844,"date":"2025-09-09T18:21:02","date_gmt":"2025-09-09T18:21:02","guid":{"rendered":"https:\/\/rmlucas.com\/?page_id=2844"},"modified":"2025-10-27T18:34:17","modified_gmt":"2025-10-27T18:34:17","slug":"landing-roof-coating-systems","status":"publish","type":"page","link":"https:\/\/rmlucas.com\/es\/landing-roof-coating-systems\/","title":{"rendered":"Sistemas de recubrimiento de techos"},"content":{"rendered":"<h1>\n\t\t\tSistemas de revestimiento de techos LUCAS\t<\/h1>\n\t<h2>Protege. Restaura. Prolonga la vida de tu techo.<\/h2>\n<p><strong>Sistemas de recubrimiento de techos Lucas Total Protection<\/strong> Est\u00e1n dise\u00f1ados para proteger su inversi\u00f3n y reducir los costos de mantenimiento a largo plazo. Desde edificios comerciales hasta instalaciones industriales, nuestros recubrimientos proporcionan una barrera impermeable y sin fisuras que protege contra el agua estancada, la exposici\u00f3n a los rayos UV y el estr\u00e9s t\u00e9rmico.<\/p>\n\t\t\t\t<img decoding=\"async\" src=\"https:\/\/rmlucas.com\/wp-content\/uploads\/2025\/09\/roof-coating-feature-1.jpg\" alt=\"Roof Coating\" itemprop=\"image\" height=\"477\" width=\"1080\" title=\"caracter\u00edstica 1 del revestimiento del techo\" onerror=\"this.style.display='none'\" loading=\"lazy\" \/>\n\t<h1>\u00bfPor qu\u00e9 elegir Lucas Roof Coating Systems?<\/h1>\n\t\t\t\t<img decoding=\"async\" src=\"https:\/\/rmlucas.com\/wp-content\/uploads\/2025\/09\/icon-cost.png\" alt=\"Cost-Effective\" itemprop=\"image\" height=\"100\" width=\"100\" title=\"costo del icono\" onerror=\"this.style.display='none'\" loading=\"lazy\" \/>\n\t<h3>Rentable<\/h3>\n<p>Restaure techos viejos a una fracci\u00f3n del costo de un reemplazo de techo.<\/p>\n\t\t\t\t<img decoding=\"async\" src=\"https:\/\/rmlucas.com\/wp-content\/uploads\/2025\/09\/icon-energy.png\" alt=\"Energy Saving\" itemprop=\"image\" height=\"100\" width=\"100\" title=\"icono-energ\u00eda\" onerror=\"this.style.display='none'\" loading=\"lazy\" \/>\n\t<h3>Ahorro de energ\u00eda<\/h3>\n<p>La tecnolog\u00eda reflectante reduce la absorci\u00f3n de calor del techo y ayuda a reducir los gastos de refrigeraci\u00f3n.<\/p>\n\t\t\t\t<img decoding=\"async\" src=\"https:\/\/rmlucas.com\/wp-content\/uploads\/2025\/09\/icon-protection.png\" alt=\"Seamless Protection\" itemprop=\"image\" height=\"100\" width=\"100\" title=\"protecci\u00f3n de iconos\" onerror=\"this.style.display='none'\" loading=\"lazy\" \/>\n\t<h3>Protecci\u00f3n sin fisuras<\/h3>\n<p>Elimina fugas y puntos d\u00e9biles con una superficie monol\u00edtica totalmente adherida.<\/p>\n\t\t\t\t<img decoding=\"async\" src=\"https:\/\/rmlucas.com\/wp-content\/uploads\/2025\/09\/icon-sustanability.png\" alt=\"Sustainable\" itemprop=\"image\" height=\"100\" width=\"100\" title=\"icono-sostenibilidad\" onerror=\"this.style.display='none'\" loading=\"lazy\" \/>\n\t<h3>Sostenible<\/h3>\n<p>Prolonga la vida \u00fatil del techo y reduce los residuos enviados a los vertederos.<\/p>\n\t<h2>Nuestros sistemas de recubrimiento de techos incluyen<\/h2>\n<h3><strong>Recubrimientos de silicona para techos<\/strong><\/h3>\n<p>Excelente resistencia a los rayos UV y protecci\u00f3n contra el agua estancada.<\/p>\n<h3><strong>Recubrimientos para techos SEBS<\/strong><\/h3>\n<p>Adherencia y flexibilidad superiores para una durabilidad a largo plazo.<\/p>\n<h3><strong>Recubrimientos acr\u00edlicos para techos<\/strong><\/h3>\n<p>Altamente reflectante, energ\u00e9ticamente eficiente y f\u00e1cil de aplicar.<\/p>\n\t\t\t\t<img decoding=\"async\" src=\"https:\/\/rmlucas.com\/wp-content\/uploads\/2025\/09\/lucas-application-guide.jpg\" alt=\"Lucas Application Guide\" itemprop=\"image\" height=\"1255\" width=\"1600\" title=\"Gu\u00eda de la aplicaci\u00f3n Lucas\" onerror=\"this.style.display='none'\" loading=\"lazy\" \/>\n<h2>\n\t\t\tProductos de revestimiento de techos\t<\/h2>\n<h2>\n\t\t\tYa sea que necesite un sistema de restauraci\u00f3n completo o una soluci\u00f3n de mantenimiento, los sistemas de recubrimiento de techos de protecci\u00f3n total de Lucas brindan un rendimiento comprobado para mantener su edificio protegido.\t<\/h2>\n\t\t\t<a href=\"https:\/\/rmlucas.com\/es\/territory-manager\/\" target=\"_self\">\n\t\t\t\t\t\t\tHabla con LUCAS\n\t\t\t\t\t<\/a>\n\t<p><strong>NUESTRAS UBICACIONES<\/strong><\/p>\n<b>Planta Alsip y Oficina Corporativa:<br \/>\n<\/b>12400 S. Laramie Ave<br \/>\nAlsip, IL 60803\u00a0\n<b>\u00a0<\/b><b>Planta de Chicago:<br \/>\n<\/b>3211 S. Madera St.<br \/>\nChicago, IL 60608\u00a0\n\t<p>&nbsp;<\/p>\n<b>Almac\u00e9n de Austin:<br \/>\n<\/b>11752 S Austin Ave.<br \/>\nAlsip, IL 60803 \n\t<p>&nbsp;<\/p>\n<b>Oficina General:<br \/>\n<\/b>773-523-4300\u00a0\n<b>Fax general:<br \/>\n<\/b>773-523-3290\u00a0","protected":false},"excerpt":{"rendered":"<p>LUCAS Roof Coating Systems Protect. Restore. Extend the Life of Your Roof. Lucas Total Protection Roof Coating Systems are designed to safeguard your investment while lowering long-term maintenance costs. From commercial buildings to industrial facilities, our coatings provide a seamless, weather-tight barrier that defends against ponding water, UV exposure, and thermal stress. Why choose Lucas&hellip;<\/p>","protected":false},"author":5,"featured_media":0,"parent":0,"menu_order":0,"comment_status":"closed","ping_status":"closed","template":"","meta":{"_acf_changed":false,"content-type":"","inline_featured_image":false,"footnotes":""},"class_list":["post-2844","page","type-page","status-publish","hentry"],"acf":[],"_links":{"self":[{"href":"https:\/\/rmlucas.com\/es\/wp-json\/wp\/v2\/pages\/2844","targetHints":{"allow":["GET"]}}],"collection":[{"href":"https:\/\/rmlucas.com\/es\/wp-json\/wp\/v2\/pages"}],"about":[{"href":"https:\/\/rmlucas.com\/es\/wp-json\/wp\/v2\/types\/page"}],"author":[{"embeddable":true,"href":"https:\/\/rmlucas.com\/es\/wp-json\/wp\/v2\/users\/5"}],"replies":[{"embeddable":true,"href":"https:\/\/rmlucas.com\/es\/wp-json\/wp\/v2\/comments?post=2844"}],"version-history":[{"count":7,"href":"https:\/\/rmlucas.com\/es\/wp-json\/wp\/v2\/pages\/2844\/revisions"}],"predecessor-version":[{"id":2948,"href":"https:\/\/rmlucas.com\/es\/wp-json\/wp\/v2\/pages\/2844\/revisions\/2948"}],"wp:attachment":[{"href":"https:\/\/rmlucas.com\/es\/wp-json\/wp\/v2\/media?parent=2844"}],"curies":[{"name":"gracias","href":"https:\/\/api.w.org\/{rel}","templated":true}]}}