{"id":2807,"date":"2025-08-20T13:40:45","date_gmt":"2025-08-20T13:40:45","guid":{"rendered":"https:\/\/rmlucas.com\/?page_id=2807"},"modified":"2025-09-24T13:57:58","modified_gmt":"2025-09-24T13:57:58","slug":"home-revision","status":"publish","type":"page","link":"https:\/\/rmlucas.com\/es\/","title":{"rendered":"Revisi\u00f3n de la p\u00e1gina principal Agosto de 2025"},"content":{"rendered":"<h1> Restauraci\u00f3n y protecci\u00f3n definitivas con los sistemas de revestimiento de techos Lucas<\/h1> <p><strong>La mitad del costo:<\/strong> Ahorre dinero sin comprometer la calidad.<\/p>\t\t\n\t\t\t <p><strong>La mitad del tiempo:<\/strong> Restaura tu techo de manera r\u00e1pida y eficiente.<\/p>\t\t\n\t\t\t <p><strong>100% Sostenible:<\/strong> Elija una soluci\u00f3n ecol\u00f3gica para un futuro mejor.<\/p>\t\t\n\t\t\t<a href=\"\/es\/landing-roof-coating-systems\/\" target=\"_self\">\n\t\t\t\t\t\t\tRestaura tu techo con LUCAS\n\t\t\t\t\t<\/a>\n\t\t\t\t<img decoding=\"async\" src=\"https:\/\/rmlucas.com\/wp-content\/plugins\/bb-plugin\/img\/pixel.png\" alt=\"\" itemprop=\"image\" onerror=\"this.style.display='none'\" loading=\"lazy\" \/>\n<h2  id=\"products\">\n\t\t\tNuestros productos m\u00e1s vendidos\t<\/h2>\n\t\t\t<a href=\"https:\/\/rmlucas.com\/es\/products\/\" target=\"_self\">\n\t\t\t\t\t\t\tVer todos los productos\n\t\t\t\t\t<\/a>\n<h2  id=\"products\">\n\t\t\tSoluciones Lucas\t<\/h2>\n<a  href=\"\/es\/landing-roof-coating-systems\/\" target=\"_self\">\n\t<\/a>\n\t<h3><img loading=\"lazy\" decoding=\"async\" src=\"https:\/\/rmlucas.com\/wp-content\/uploads\/2025\/08\/icon-roof-restoration-150x150.png\" alt=\"\" width=\"150\" height=\"150\" \/> Sistemas de restauraci\u00f3n de techos<\/h3>\n<a  href=\"\/es\/landing-roof-cement-coatings\/\" target=\"_self\">\n\t<\/a>\n\t<h3><img loading=\"lazy\" decoding=\"async\" src=\"https:\/\/rmlucas.com\/wp-content\/uploads\/2025\/08\/icon-cements-coatings-150x150.png\" alt=\"\" width=\"150\" height=\"150\" \/> Cementos y Recubrimientos<\/h3>\n<a  href=\"\/es\/landing-cealants-caulks\/\" target=\"_self\">\n\t<\/a>\n\t<h3><img loading=\"lazy\" decoding=\"async\" src=\"https:\/\/rmlucas.com\/wp-content\/uploads\/2025\/08\/icon-sealands-caulks-150x150.png\" alt=\"LUCAS Slealants &amp; Caulks\" width=\"150\" height=\"150\" \/> Selladores y masillas<\/h3>\n<h2  id=\"products\">\n\t\t\tRese\u00f1as\t<\/h2>\n\t\t\t<p>He usado muchos selladores a lo largo de los a\u00f1os, pero Lucas #8000 es mi favorito para trabajos de techado. Se aplica f\u00e1cilmente, seca r\u00e1pido y resiste las inclemencias del clima del Medio Oeste. Sin problemas posteriores, sin grietas: un rendimiento impecable. A mi equipo le gusta trabajar con \u00e9l y mis clientes aprecian su durabilidad. Todos ganan.<strong>-Matt, contratista de Carolina del Sur<\/strong><\/p>\t\t\n\t\t\t<p>El verano pasado aplicamos Lucas #6000 al techo deteriorado de nuestras instalaciones y los resultados han sido impresionantes. Las facturas de energ\u00eda disminuyeron, el techo luce como nuevo y no hemos tenido ni una sola filtraci\u00f3n desde entonces.<strong>-Manuel, propietario del edificio de San Diego<\/strong><\/p>\t\t\n\t\t\t<p>Como arquitecto, siempre busco materiales que combinen rendimiento e integridad est\u00e9tica. Lucas #1044 cumple con creces estas expectativas. Se integra a la perfecci\u00f3n con nuestros acabados exteriores y cumple con las especificaciones sin excepci\u00f3n. Lo he recomendado en varios proyectos comerciales y siempre ha ofrecido un rendimiento excepcional.<strong>-Emily, arquitecta de Boca Rat\u00f3n\u00a0<\/strong><\/p>\t\t\n\t\t\t<p>Utilic\u00e9 la Lucas 6000 en dos de nuestras plantas de producci\u00f3n y en el edificio de postes del propietario. Las tres instalaciones se repararon hace 10 a\u00f1os y a\u00fan se encuentran en buen estado. Nos ahorr\u00f3 m\u00e1s de 1.200.000 d\u00f3lares en comparaci\u00f3n con otras opciones de reparaci\u00f3n.<strong>-Ron, gerente de instalaciones de Michigan\u00a0<\/strong><\/p>\t\t\n\t\t\t\t<img decoding=\"async\" src=\"https:\/\/rmlucas.com\/wp-content\/uploads\/2022\/11\/white_coating_18.jpg\" alt=\"SEBS Low Slope Metal Roof\" itemprop=\"image\" height=\"640\" width=\"840\" title=\"revestimiento_blanco_18\" onerror=\"this.style.display='none'\" loading=\"lazy\" \/>\n\t<h2>\u00bfPor qu\u00e9 elegir LUCAS?<\/h2>\n<h4>Rendimiento comprobado<\/h4>\n<p>Durante m\u00e1s de un siglo, RM Lucas ha ofrecido soluciones duraderas y de alto rendimiento para profesionales de techos e impermeabilizaci\u00f3n. Nuestros productos est\u00e1n dise\u00f1ados para cumplir con las especificaciones m\u00e1s exigentes, y nuestro servicio est\u00e1 concebido para superar las expectativas.<\/p>\n<h4>Eficiencia operativa<\/h4>\n<p>Desde un proceso de pedidos simplificado hasta una entrega r\u00e1pida y una aplicaci\u00f3n sencilla, nuestros sistemas est\u00e1n dise\u00f1ados para que sus proyectos avancen sin contratiempos. Le ayudamos a minimizar el tiempo de inactividad y a maximizar los resultados, siempre a tiempo y dentro del presupuesto.<\/p>\n<h4>Asociaci\u00f3n transparente<\/h4>\n<p>Creemos en la transparencia, la trazabilidad y la responsabilidad. Cada producto que fabricamos incluye informaci\u00f3n completa sobre materiales, procesos y cumplimiento normativo. La seguridad y la integridad no son solo valores, sino que est\u00e1n integradas en todo lo que hacemos.<\/p>\n<h3>Hablemos de soluciones. Tanto si est\u00e1 planeando una nueva construcci\u00f3n como si necesita realizar reparaciones, nuestro equipo est\u00e1 listo para ayudarle.<\/h3>\n\t\t\t<a href=\"\/es\/contact\/\" target=\"_self\">\n\t\t\t\t\t\t\tContactar con LUCAS\n\t\t\t\t\t<\/a>\n<h2  id=\"products\">\n\t\t\tInformaci\u00f3n para\u2026\t<\/h2>\n\t\t\t\t<a href=\"\/es\/audience-building-owners\/\"  target=\"_self\" itemprop=\"url\">\n\t\t\t\t<img decoding=\"async\" src=\"https:\/\/rmlucas.com\/wp-content\/uploads\/2025\/08\/incon-building-owners-150x150.png\" alt=\"Building Owners\" itemprop=\"image\" height=\"150\" width=\"150\" title=\"propietarios de edificios incon\" onerror=\"this.style.display='none'\" loading=\"lazy\" \/>\n\t\t\t\t<\/a>\n<h3>\n\t\t<a href=\"\/es\/audience-building-owners\/\" title=\"Propietarios de edificios\"  target=\"_self\">\n\t\t\tPropietarios de edificios\t\t<\/a>\n\t<\/h3>\n\t\t\t\t<a href=\"\/es\/audience-contractors\/\"  target=\"_self\" itemprop=\"url\">\n\t\t\t\t<img decoding=\"async\" src=\"https:\/\/rmlucas.com\/wp-content\/uploads\/2025\/08\/icon-contractors-150x150.png\" alt=\"Contractors\" itemprop=\"image\" height=\"150\" width=\"150\" title=\"contratistas de iconos\" onerror=\"this.style.display='none'\" loading=\"lazy\" \/>\n\t\t\t\t<\/a>\n<h3>\n\t\t<a href=\"\/es\/audience-contractors\/\" title=\"Contratistas\"  target=\"_self\">\n\t\t\tContratistas\t\t<\/a>\n\t<\/h3>\n\t\t\t\t<a href=\"\/es\/audience-distributors\/\"  target=\"_self\" itemprop=\"url\">\n\t\t\t\t<img decoding=\"async\" src=\"https:\/\/rmlucas.com\/wp-content\/uploads\/2025\/08\/icon-distributors-150x150.png\" alt=\"Distributors\" itemprop=\"image\" height=\"150\" width=\"150\" title=\"distribuidores de iconos\" onerror=\"this.style.display='none'\" loading=\"lazy\" \/>\n\t\t\t\t<\/a>\n<h3>\n\t\t<a href=\"\/es\/audience-distributors\/\" title=\"Distribuidores\"  target=\"_self\">\n\t\t\tDistribuidores\t\t<\/a>\n\t<\/h3>\n\t\t\t\t<img decoding=\"async\" src=\"https:\/\/rmlucas.com\/wp-content\/uploads\/2025\/09\/contractor-on-roof.jpg\" alt=\"Contractor on low slope metal roof\" itemprop=\"image\" height=\"640\" width=\"840\" title=\"contratista en el techo\" onerror=\"this.style.display='none'\" loading=\"lazy\" \/>\n<h2>\n\t\t\t\u00bfPreguntas? \u00a1Contacta con Lucas ahora!\t<\/h2>\n\t<p><strong>NUESTRAS UBICACIONES<\/strong><\/p>\n<b>Planta Alsip y Oficina Corporativa:<br \/>\n<\/b>12400 S. Laramie Ave<br \/>\nAlsip, IL 60803\u00a0\n<b>\u00a0<\/b><b>Planta de Chicago:<br \/>\n<\/b>3211 S. Madera St.<br \/>\nChicago, IL 60608\u00a0\n\t<p>&nbsp;<\/p>\n<b>Almac\u00e9n de Austin:<br \/>\n<\/b>11752 S Austin Ave.<br \/>\nAlsip, IL 60803 \n\t<p>&nbsp;<\/p>\n<b>Oficina General:<br \/>\n<\/b>773-523-4300\u00a0\n<b>Fax general:<br \/>\n<\/b>773-523-3290\u00a0","protected":false},"excerpt":{"rendered":"<p>Restauraci\u00f3n y protecci\u00f3n definitivas con los sistemas de recubrimiento para techos Lucas. Mitad de precio: Ahorre dinero sin sacrificar la calidad. Mitad de tiempo: Restaure su techo de forma r\u00e1pida y eficiente. 100% Sostenible: Elija una soluci\u00f3n ecol\u00f3gica para un futuro mejor. Restaure su techo con LUCAS. Nuestros productos m\u00e1s vendidos. Ver todos los productos. Sistemas de restauraci\u00f3n de techos Lucas Solutions\u2026<\/p>","protected":false},"author":5,"featured_media":0,"parent":0,"menu_order":0,"comment_status":"closed","ping_status":"closed","template":"","meta":{"_acf_changed":false,"content-type":"","inline_featured_image":false,"footnotes":""},"class_list":["post-2807","page","type-page","status-publish","hentry"],"acf":[],"_links":{"self":[{"href":"https:\/\/rmlucas.com\/es\/wp-json\/wp\/v2\/pages\/2807","targetHints":{"allow":["GET"]}}],"collection":[{"href":"https:\/\/rmlucas.com\/es\/wp-json\/wp\/v2\/pages"}],"about":[{"href":"https:\/\/rmlucas.com\/es\/wp-json\/wp\/v2\/types\/page"}],"author":[{"embeddable":true,"href":"https:\/\/rmlucas.com\/es\/wp-json\/wp\/v2\/users\/5"}],"replies":[{"embeddable":true,"href":"https:\/\/rmlucas.com\/es\/wp-json\/wp\/v2\/comments?post=2807"}],"version-history":[{"count":23,"href":"https:\/\/rmlucas.com\/es\/wp-json\/wp\/v2\/pages\/2807\/revisions"}],"predecessor-version":[{"id":2949,"href":"https:\/\/rmlucas.com\/es\/wp-json\/wp\/v2\/pages\/2807\/revisions\/2949"}],"wp:attachment":[{"href":"https:\/\/rmlucas.com\/es\/wp-json\/wp\/v2\/media?parent=2807"}],"curies":[{"name":"gracias","href":"https:\/\/api.w.org\/{rel}","templated":true}]}}