{"id":2737,"date":"2025-06-13T14:36:18","date_gmt":"2025-06-13T14:36:18","guid":{"rendered":"https:\/\/rmlucas.com\/?page_id=2737"},"modified":"2025-06-13T14:36:18","modified_gmt":"2025-06-13T14:36:18","slug":"termsandconditions","status":"publish","type":"page","link":"https:\/\/rmlucas.com\/es\/termsandconditions\/","title":{"rendered":"T\u00e9rminos y condiciones"},"content":{"rendered":"<h2>\n\t\t\tT\u00e9rminos y condiciones\t<\/h2>\n\t<h2><strong><u>T\u00c9RMINOS Y CONDICIONES DE VENTA<\/u><\/strong><\/h2>\n<ol>\n<li><u>DEFINICIONES<\/u><\/li>\n<\/ol>\n<p>As used below, &#8220;Seller&#8221; means R. M. LUCAS CO., LLC and its affiliates, parents, subsidiaries, predecessors, successors, and assigns. &#8220;Product&#8221; and &#8220;Products&#8221; mean any product sold by Seller. &#8220;Buyer&#8221; means a party purchasing any Product from Seller.<\/p>\n<ol start=\"2\">\n<li><u>T\u00c9RMINOS APLICABLES<\/u><\/li>\n<\/ol>\n<p>All sales by Seller to Buyer will be subject firstly to the Sales Agreement entered into between Seller and Buyer and secondly to these terms and conditions of sale (the &#8220;Terms and Conditions&#8221;). The Sales Agreement, these Terms and Conditions, and the Product description and quantity specified in Buyer&#8217;s purchase order as accepted by Seller will make up Buyer&#8217;s complete contract with Seller. These Terms and Conditions may be modified only by the written agreement of Buyer and Seller. By purchasing Products from Seller, Buyer confirms its agreement with these Terms and Conditions and agrees that, even if Buyer sends Seller another form of agreement or terms, or modifications to these Terms and Conditions, and Seller does not respond, these Terms and Conditions shall govern. The United Nations Convention on Contracts for the International Sale of Goods will not apply to any sale of Products.<\/p>\n<ol start=\"3\">\n<li><u>PRECIOS Y ENTREGA<\/u><\/li>\n<\/ol>\n<p>Product prices are determined by the Sales Agreement. In the absence of a Sales Agreement, prices are determined by Seller&#8217;s list prices in effect at the time of shipment. Prices do not include freight, taxes, or duties. Payment will be due in full, in U.S. Dollars, within thirty (30) days of the invoice date. Buyer agrees to reimburse Seller for Seller&#8217;s costs of collection should Buyer fail to pay Seller in a timely manner, including attorneys&#8217; fees and interest at the rate of 1% per month, or the maximum interest rate permitted by law, whichever is less, on any past-due amounts. Title and risk of loss or damage to Products will pass to Buyer at the time such Products are first delivered to a commercial transportation carrier for shipment. All delivery dates are estimates only. In addition to any other rights available to Seller, in the event that Buyer is in default of its obligations hereunder, files for bankruptcy, or is reasonably believed by Seller to be insolvent, then Seller may suspend shipments of Product to Buyer.<\/p>\n<ol start=\"4\">\n<li><u>GARANT\u00cdA LIMITADA<\/u><\/li>\n<\/ol>\n<p>Seller warrants that all Products sold to Buyer will be free of any claim of ownership by third parties and will conform to the manufacturer&#8217;s specifications in effect at the time of manufacture. Buyer will inspect all Products for damage, defect, or shortage promptly after Buyer receives them and will give Seller prompt notice of any damage, defect, or shortage that Buyer finds. In the case of damage, Buyer must note damage on the Bill of Lading. The conditions of any test for conformance with specifications shall be mutually agreed upon and Seller will be notified of, and may be represented at, all such tests. If any Product is determined not to conform to the warranty set forth above during the period ending at the earlier of (i) six months from date of shipment by Seller, or (ii) the &#8220;Use By&#8221; date set by Seller, if any, then Seller shall, at its option, either reace the defective Product or refund the purchase price. Defective Products shall not be returned by Buyer until authorized by Seller. This remedy is Buyer&#8217;s exclusive remedy for breach of warranty. If law prohibits this limitation of Buyer&#8217;s remedies, then Buyer agrees that the maximum amount Buyer may claim from Seller is the net purchase price Buyer actually paid Seller for Product determined to be defective. THIS LIMITED WARRANTY IS GIVEN ONLY TO THE ORIGINAL PURCHASER, IT MAY NOT BE TRANSFERRED OR ASSIGNED, AND DOES NOT EXTEND TO ANY SUBSEQUENT PURCHASER OR TRANSFEREE OF PRODUCTS. THIS WARRANTY IS IN LIEU OF ALL OTHER WARRANTIES, WRITTEN OR ORAL, STATUTORY, EXPRESS, OR IMPLIED INCLUDING ANY WARRANTY OF MERCHANTABILITY OR FITNESS FOR A PARTICULAR PURPOSE.<\/p>\n<ol start=\"5\">\n<li><u>LIMITACI\u00d3N DE RECLAMACIONES<\/u><\/li>\n<\/ol>\n<p>Except as agreed in the Limited Warranty set forth above, Seller will not be responsible for any harm arising out of Buyer&#8217;s purchase, possession, or use of any Product, whether based in contract, warranty, negligence or other tort, strict liability, or otherwise. SELLER WILL NOT BE LIABLE FOR CONSEQUENTIAL, SPECIAL, INCIDENTAL, OR EXEMPLARY DAMAGES INCLUDING, BUT NOT LIMITED TO, LOSS OF PROFITS, EQUIPMENT DOWNTIME, COST OF ANY SUBSTITUTE FOR PRODUCTS, CLAIMS OF THIRD PARTIES, OR INJURY TO PERSONS OR PROPERTY. THIS LIMITATION SHALL APPLY NOTWITHSTANDING A FINDING THAT ANY REMEDY FAILS OF ITS ESSENTIAL PURPOSE.<\/p>\n<ol start=\"6\">\n<li><u>ASESORAMIENTO Y OTROS SERVICIOS<\/u><\/li>\n<\/ol>\n<p>Buyer agrees that Seller will not have control over the design, testing, or labeling of any product produced using Seller&#8217;s Products. Buyer is not relying on any representation or statement made by, or on behalf of, Seller with respect to the suitability of any Product for any purpose. Buyer has tested and investigated the Products enough to form an independent judgment concerning their suitability for the use, conversion, or processing intended by Buyer and will not make, and herby waives, any claim against Seller based on Seller&#8217;s advice, statements, information, services, and recommendations.<\/p>\n<ol start=\"7\">\n<li><u>PROPIEDAD INTELECTUAL<\/u><\/li>\n<\/ol>\n<p>Seller does not give Buyer a license under any patent or other intellectual property right. If there is a claim that any Product, in the form in which Seller sold it to Buyer, infringes another person&#8217;s patent or other intellectual property right in the jurisdiction in which such sale took place, then (i) Seller will defend Buyer against such claim, and indemnify Buyer against all reasonable costs of such defense incurred by Buyer, and (ii) if any Product subject to such a claim is determined to infringe another person&#8217;s patent or other intellectual property right, Seller shall, at its sole option and expense, either procure for Buyer the right to continue using the Product or accept return of the Product from Buyer and refund the purchase price thereof. The foregoing states the entire obligation of Seller for intellectual property infringement. Seller shall not be responsible for, and Buyer shall hold Seller harmless against, any damages and costs incurred by Seller as a result of any claim of infringement of another person&#8217;s patent or other intellectual property right that arises from Seller&#8217;s compliance with any specification or instruction provided by Buyer. In the event that Buyer shall become aware of any claim of the type described above, it will promptly notify Seller in writing and give Seller all necessary information, assistance, and exclusive authority for the defense of any such claim and its settlement.<\/p>\n<ol start=\"8\">\n<li><u>CUMPLIMIENTO DE LAS NORMAS DE SALUD Y SEGURIDAD<\/u><\/li>\n<\/ol>\n<p>El Comprador entiende que algunos Productos pueden ser materiales o sustancias peligrosas seg\u00fan diversas leyes y regulaciones al manipularse o procesarse. El Comprador se compromete a familiarizarse, sin depender del Vendedor, con los riesgos de los Productos, su procesamiento y aplicaciones, y los contenedores en los que se env\u00edan. El Comprador se compromete a informar y capacitar a sus empleados, y a advertir e instruir adecuadamente a sus clientes sobre los riesgos conocidos o detectados por el Comprador en sus investigaciones relacionadas con los Productos. El Comprador se compromete a gestionar y eliminar todos los desechos y residuos resultantes del uso de todos los Productos, incluido cualquier embalaje desechable, de conformidad con las leyes aplicables en materia de eliminaci\u00f3n o reciclaje.<\/p>\n<ol start=\"9\">\n<li><u>COMERCIO ELECTR\u00d3NICO<\/u><\/li>\n<\/ol>\n<p>El Comprador no podr\u00e1 compartir ninguna contrase\u00f1a, c\u00f3digo de acceso ni credencial similar que le haya emitido el Vendedor, y este se reserva el derecho de suspender o revocar dicha credencial. El Comprador es el \u00fanico responsable de garantizar la seguridad e integridad de su proceso de pedido. Toda informaci\u00f3n proporcionada por el Vendedor a trav\u00e9s de cualquier sitio web o comunicaci\u00f3n electr\u00f3nica (i) est\u00e1 sujeta a correcciones o cambios sin previo aviso, y (ii) se proporciona para uso exclusivo del Comprador con el fin de facilitar las transacciones individuales de compraventa de Productos. El Vendedor podr\u00e1 emitir facturas electr\u00f3nicas por cualquier compra de Productos realizada a trav\u00e9s de internet, correo electr\u00f3nico o cualquier otro m\u00e9todo de comunicaci\u00f3n electr\u00f3nica, y el Comprador se compromete a cumplir dicha factura como si se hubiera entregado por escrito.<\/p>\n<ol start=\"10\">\n<li><u>GENERAL<\/u><\/li>\n<\/ol>\n<p>Cancellation of any order, or return of any conforming Product, will be subject to acceptance by Seller and to a restocking charge in accordance with Seller&#8217;s policy then in effect. Neither course of performance or dealing, nor usage of trade, nor prior writings or agreements shall be used to qualify, explain, or supplement these Terms and Conditions. Failure by Seller, at any time or from time to time, to require the performance by Buyer of any term hereof shall not constitute a waiver of such term. The invalidity, in whole or in part, of any term herein, shall not affect any other term, each of which shall be enforced to the full extent permitted by law. Buyer may not assign or transfer any rights or obligations under these Terms and Conditions without the prior written consent of Seller. These terms shall be governed by, and interpreted in accordance with, the laws of the State of Illinois, without giving effect to its conflicts of laws principle.<\/p>\n\t<p><strong>NUESTRAS UBICACIONES<\/strong><\/p>\n<b>Planta Alsip y Oficina Corporativa:<br>\n<\/b>12400 S. Laramie Ave<br>\nAlsip, IL 60803&nbsp;\n<b>&nbsp;<\/b><b>Planta de Chicago:<br>\n<\/b>3211 S. Madera St.<br>\nChicago, IL 60608&nbsp;\n\t<p>&nbsp;<\/p>\n<b>Almac\u00e9n de Austin:<br>\n<\/b>11752 S Austin Ave.<br>\nAlsip, IL 60803 \n\t<p>&nbsp;<\/p>\n<b>Oficina General:<br>\n<\/b>773-523-4300&nbsp;\n<b>Fax general:<br>\n<\/b>773-523-3290\n\n\n\n<p><\/p>","protected":false},"excerpt":{"rendered":"<p>T\u00e9rminos y Condiciones. DEFINICIONES DE LOS T\u00c9RMINOS Y CONDICIONES DE VENTA. Como se utiliza a continuaci\u00f3n, \u00abVendedor\u00bb se refiere a RM LUCAS CO., LLC y sus filiales, matrices, subsidiarias, predecesores, sucesores y cesionarios. \u00abProducto\u00bb y \u00abProductos\u00bb se refieren a cualquier producto vendido por el Vendedor. \u00abComprador\u00bb se refiere a la parte que compra cualquier Producto del Vendedor. T\u00c9RMINOS APLICABLES. Todas las ventas del Vendedor al Comprador\u2026<\/p>","protected":false},"author":3,"featured_media":0,"parent":0,"menu_order":0,"comment_status":"closed","ping_status":"closed","template":"","meta":{"_acf_changed":false,"content-type":"","inline_featured_image":false,"footnotes":""},"class_list":["post-2737","page","type-page","status-publish","hentry"],"acf":[],"_links":{"self":[{"href":"https:\/\/rmlucas.com\/es\/wp-json\/wp\/v2\/pages\/2737","targetHints":{"allow":["GET"]}}],"collection":[{"href":"https:\/\/rmlucas.com\/es\/wp-json\/wp\/v2\/pages"}],"about":[{"href":"https:\/\/rmlucas.com\/es\/wp-json\/wp\/v2\/types\/page"}],"author":[{"embeddable":true,"href":"https:\/\/rmlucas.com\/es\/wp-json\/wp\/v2\/users\/3"}],"replies":[{"embeddable":true,"href":"https:\/\/rmlucas.com\/es\/wp-json\/wp\/v2\/comments?post=2737"}],"version-history":[{"count":3,"href":"https:\/\/rmlucas.com\/es\/wp-json\/wp\/v2\/pages\/2737\/revisions"}],"predecessor-version":[{"id":2741,"href":"https:\/\/rmlucas.com\/es\/wp-json\/wp\/v2\/pages\/2737\/revisions\/2741"}],"wp:attachment":[{"href":"https:\/\/rmlucas.com\/es\/wp-json\/wp\/v2\/media?parent=2737"}],"curies":[{"name":"gracias","href":"https:\/\/api.w.org\/{rel}","templated":true}]}}