{"id":2206,"date":"2023-09-12T14:00:09","date_gmt":"2023-09-12T14:00:09","guid":{"rendered":"https:\/\/rmlucas.com\/?page_id=2206"},"modified":"2025-01-07T17:53:34","modified_gmt":"2025-01-07T17:53:34","slug":"contact-customer-service","status":"publish","type":"page","link":"https:\/\/rmlucas.com\/es\/contact-customer-service\/","title":{"rendered":"Contactar Servicio al Cliente"},"content":{"rendered":"<h2>\n\t\tCONTACTA con el equipo de Lucas\n\t<\/h2>\n<h3>\n\t\tContacta con el equipo de Lucas\n\t<\/h3>\n\t<p>Nota: Los env\u00edos relacionados con la solicitud no ser\u00e1n le\u00eddos ni respondidos.<\/p>\n\t\n\t\t\t\t\t\t<script>\n\t\t\t\t\t\t\twindow.hsFormsOnReady = window.hsFormsOnReady || [];\n\t\t\t\t\t\t\twindow.hsFormsOnReady.push(()=>{\n\t\t\t\t\t\t\t\thbspt.forms.create({\n\t\t\t\t\t\t\t\t\tportalId: 20894509,\n\t\t\t\t\t\t\t\t\tformId: \"0a18faf1-55a7-45e9-831e-c447864c0ac2\",\n\t\t\t\t\t\t\t\t\ttarget: \"#hbspt-form-1775526300000-1481049890\",\n\t\t\t\t\t\t\t\t\tregion: \"na1\",\n\t\t\t\t\t\t\t\t\t\n\t\t\t\t\t\t\t})});\n\t\t\t\t\t\t<\/script>\n\t\t\t\t\t\t<div class=\"hbspt-form\" id=\"hbspt-form-1775526300000-1481049890\"><\/div>\n\t<p><strong>NUESTRAS UBICACIONES<\/strong><\/p>\n<b>Planta Alsip y Oficina Corporativa:<br \/>\n<\/b>12400 S. Laramie Ave<br \/>\nAlsip, IL 60803\u00a0\n<b>\u00a0<\/b><b>Planta de Chicago:<br \/>\n<\/b>3211 S. Madera St.<br \/>\nChicago, IL 60608\u00a0\n\t<p>&nbsp;<\/p>\n<b>Almac\u00e9n de Austin:<br \/>\n<\/b>11756 S Austin Ave.<br \/>\nAlsip, IL 60803 \n\t<p>&nbsp;<\/p>\n<b>Oficina General:<br \/>\n<\/b>773-523-4300\u00a0\n<b>Fax general:<br \/>\n<\/b>773-523-3290\u00a0","protected":false},"excerpt":{"rendered":"<p>CONTACTE al equipo de Lucas P\u00f3ngase en contacto con el equipo de Lucas Nota: No se leer\u00e1n ni responder\u00e1n los env\u00edos relacionados con la solicitud. NUESTRAS UBICACIONES Planta y oficina corporativa de Alsip: 12400 S. Laramie Ave Alsip, IL 60803 Planta de Chicago: 3211 S. Wood St. Chicago, IL 60608 Almac\u00e9n de Austin:\u2026<\/p>","protected":false},"author":3,"featured_media":0,"parent":0,"menu_order":0,"comment_status":"closed","ping_status":"closed","template":"","meta":{"_acf_changed":false,"content-type":"","inline_featured_image":false,"footnotes":""},"class_list":["post-2206","page","type-page","status-publish","hentry"],"acf":[],"_links":{"self":[{"href":"https:\/\/rmlucas.com\/es\/wp-json\/wp\/v2\/pages\/2206","targetHints":{"allow":["GET"]}}],"collection":[{"href":"https:\/\/rmlucas.com\/es\/wp-json\/wp\/v2\/pages"}],"about":[{"href":"https:\/\/rmlucas.com\/es\/wp-json\/wp\/v2\/types\/page"}],"author":[{"embeddable":true,"href":"https:\/\/rmlucas.com\/es\/wp-json\/wp\/v2\/users\/3"}],"replies":[{"embeddable":true,"href":"https:\/\/rmlucas.com\/es\/wp-json\/wp\/v2\/comments?post=2206"}],"version-history":[{"count":5,"href":"https:\/\/rmlucas.com\/es\/wp-json\/wp\/v2\/pages\/2206\/revisions"}],"predecessor-version":[{"id":2596,"href":"https:\/\/rmlucas.com\/es\/wp-json\/wp\/v2\/pages\/2206\/revisions\/2596"}],"wp:attachment":[{"href":"https:\/\/rmlucas.com\/es\/wp-json\/wp\/v2\/media?parent=2206"}],"curies":[{"name":"gracias","href":"https:\/\/api.w.org\/{rel}","templated":true}]}}