{"id":2200,"date":"2023-09-12T14:00:26","date_gmt":"2023-09-12T14:00:26","guid":{"rendered":"https:\/\/rmlucas.com\/?page_id=2200"},"modified":"2023-09-29T20:16:09","modified_gmt":"2023-09-29T20:16:09","slug":"territory-manager","status":"publish","type":"page","link":"https:\/\/rmlucas.com\/es\/territory-manager\/","title":{"rendered":"Encuentre su gerente territorial de Lucas"},"content":{"rendered":"<h2>\n\t\tENCUENTRE SU RESPONSABLE DEL TERRITORIO LUCAS\n\t<\/h2>\n<h3>\n\t\tPase el cursor sobre su \u00e1rea de Norteam\u00e9rica para ver el nombre de su administrador territorial. Haga clic en su regi\u00f3n para revelar informaci\u00f3n de contacto.\n\t<\/h3>\n\t\n<style>\n\t#hotspot-1426 .hotspots-image-container,\n\t#hotspot-1426 .leaflet-container {\n\t\tbackground: #ffffff\t}\n\n\t#hotspot-1426 .hotspots-placeholder {\n\t\tbackground: #ffffff;\n\t\tborder: 0 #ffffff solid;\n\t\tcolor: #000000;\n\t}\n\n\t#hotspot-1426 .hotspot-title {\n\t\tcolor: #0033a0;\n\t}\n\n\t\t\t#hotspot-1426 .hotspot-default {\n\t\t\tstroke-width: 2;\n\t\t\tfill: #ffffff;\n\t\t\tfill-opacity: 0;\n\t\t\tstroke: #ffffff;\n\t\t\tstroke-opacity: 0;\n\t\t}\n\t\t#hotspot-1426 .hotspot-default:hover,\n\t\t#hotspot-1426 .hotspot-default:focus-visible,\n\t\t#hotspot-1426 .hotspot-default.hotspot-active {\n\t\t\tfill: #0033a0;\n\t\t\tfill-opacity: 0.71;\n\t\t\tstroke: #0033a0;\n\t\t\tstroke-opacity: 1.01;\n\t\t}\n\t\t#hotspot-1426 .leaflet-tooltip,\n\t#hotspot-1426 .leaflet-rrose-content-wrapper {\n\t\tbackground: #ffffff;\n\t\tborder-color: #ffffff;\n\t\tcolor: #000000;\n\t}\n\n\t#hotspot-1426 a.leaflet-rrose-close-button {\n\t\tcolor: #0033a0;\n\t}\n\n\t#hotspot-1426 .leaflet-rrose-tip {\n\t\tbackground: #ffffff;\n\t}\n\n\t#hotspot-1426 .leaflet-popup-scrolled {\n\t\tborder-bottom-color: #000000;\n\t\tborder-top-color: #000000;\n\t}\n\n\t#hotspot-1426 .leaflet-tooltip-top:before {\n\t\tborder-top-color: #ffffff;\n\t}\n\n\t#hotspot-1426 .leaflet-tooltip-bottom:before {\n\t\tborder-bottom-color: #ffffff;\n\t}\n\t#hotspot-1426 .leaflet-tooltip-left:before {\n\t\tborder-left-color: #ffffff;\n\t}\n\t#hotspot-1426 .leaflet-tooltip-right:before {\n\t\tborder-right-color: #ffffff;\n\t}\n<\/style>\n\n\t\n\t<div class=\"hotspots-container  layout-left event-click\" id=\"hotspot-1426\" data-layout=\"left\" data-trigger=\"click\">\n\t\t<div class=\"hotspots-interaction\">\n\t\t\t\t<div class=\"hotspots-placeholder\" id=\"content-hotspot-1426\">\n\t\t<div class=\"hotspot-initial\">\n\t\t\t\t\t\t\t\t\t<h2 class=\"hotspot-title\">\n\t\t\t\tRepresentantes de ventas de LUCAS\t\t\t<\/h2>\n\t\t\t\t\t\t<div class=\"hotspot-content\">\n\t\t\t\t\t\t\t<\/div>\n\t\t<\/div>\n\t<\/div>\n<div class=\"hotspots-image-container\">\n\t<img\n\t\twidth=\"749\"\n\t\theight=\"765\"\n\t\tsrc=\"https:\/\/rmlucas.com\/wp-content\/uploads\/2022\/11\/usa_canada.jpg\"\n\t\talt=\"LUCAS Sales Reps\"\n\t\tclass=\"hotspots-image skip-lazy\"\n\t\tusemap=\"#hotspots-image-1426\"\n\t\tdata-image-title=\"LUCAS Sales Reps\"\n\t\tdata-image-description=\"\"\n\t\tdata-event-trigger=\"click\"\n\t\tdata-always-visible=\"false\"\n\t\tdata-id=\"1426\"\n\t\tdata-no-lazy=\"1\"\n\t\tdata-lazy-src=\"\"\n\t\tdata-lazy=\"false\"\n\t\tloading=\"eager\"\n\t\tdata-skip-lazy=\"1\"\n\t\t>\n<\/div>\t\t<\/div>\n\t\t<map name=\"hotspots-image-1426\" class=\"hotspots-map\">\n\t\t\t\t\t\t\t\t\t\t\t<area\n\t\t\t\t\tshape=\"polygon\"\n\t\t\t\t\tcoords=\"369,407,353,408,352,417,353,426,355,440,359,455,355,460,359,466,360,491,414,489,419,491,418,498,426,504,431,510,430,517,423,521,423,526,418,535,416,540,420,547,426,552,428,559,435,559,432,568,439,572,446,578,442,583,449,585,450,592,463,592,463,589,528,581,538,571,533,566,527,561,524,554,528,551,529,545,532,541,534,538,539,535,542,527,543,517,539,498,528,506,521,510,511,511,506,502,507,498,513,493,514,485,511,479,507,471,500,479,496,477,498,472,500,468,499,461,499,456,496,453,489,450,483,449,482,453,480,458,477,464,473,463,471,468,469,477,471,486,475,492,475,502,471,508,469,514,470,525,462,525,456,525,456,522,452,521,451,517,449,512,446,503,454,502,455,497,454,496,451,493,454,488,455,482,455,474,457,465,450,471,450,466,453,459,459,452,465,449,473,446,478,444,483,445,488,442,481,438,475,435,468,437,462,441,453,439,449,436,445,438,441,437,445,431,445,426,436,436,430,439,425,443,418,442,404,442,416,437,412,431,420,424,428,419,420,416,412,418,403,417,393,412,386,413,377,411,377,400,370,400\"\n\t\t\t\t\thref=\"#hotspot-hotspot-1426-0\"\n\t\t\t\t\trel=\"\"\n\t\t\t\t\ttitle=\"Dirk Andrews\"\n\t\t\t\t\talt=\"Dirk Andrews\"\n\t\t\t\t\tdata-action=\"\"\n\t\t\t\t\tdata-color-scheme=\"\"\n\t\t\t\t\ttarget=\"\"\n\t\t\t\t\tclass=\"more-info-area\"\n\t\t\t\t\t>\n\t\t\t\t\t\t\t\t\t\t\t<area\n\t\t\t\t\tshape=\"polygon\"\n\t\t\t\t\tcoords=\"278,663,232,661,212,663,200,667,219,523,297,529,296,546,373,545,378,549,377,553,381,558,382,590,295,590,294,587,282,587\"\n\t\t\t\t\thref=\"#hotspot-hotspot-1426-1\"\n\t\t\t\t\trel=\"\"\n\t\t\t\t\ttitle=\"\u00c1mbar Fuller\"\n\t\t\t\t\talt=\"Amber Fuller\"\n\t\t\t\t\tdata-action=\"\"\n\t\t\t\t\tdata-color-scheme=\"\"\n\t\t\t\t\ttarget=\"\"\n\t\t\t\t\tclass=\"more-info-area\"\n\t\t\t\t\t>\n\t\t\t\t\t\t\t\t\t\t\t<area\n\t\t\t\t\tshape=\"polygon\"\n\t\t\t\t\tcoords=\"78,7,6,149,8,153,12,155,16,153,20,156,17,160,19,165,22,173,23,179,21,183,26,182,32,181,35,176,43,176,43,185,47,190,47,194,51,202,50,207,52,212,51,218,53,222,52,226,54,230,52,233,55,238,61,246,65,250,61,257,59,263,54,267,51,271,51,276,53,288,60,287,63,288,59,293,56,295,55,299,55,303,59,301,61,307,63,312,60,318,62,325,59,328,60,333,63,336,67,337,70,341,51,334,52,343,51,346,55,348,56,353,60,356,64,357,64,361,67,364,67,369,73,369,74,375,85,380,98,376,153,389,182,395,222,401,309,408,371,408,370,401,368,349,380,338,422,283,413,279,406,276,398,279,391,282,391,277,388,268,384,262,383,256,374,254,371,252,369,243,370,233,373,220,375,215,376,209,379,204,380,199,385,195,389,191,388,186,395,186,399,179,395,176,398,172,402,169,405,164,413,164,419,154,422,146,419,142,419,139,424,131,427,125,422,123,423,119,428,117,433,120,439,121,439,116,440,112,445,117,450,111,455,103,455,96,450,92,448,88,444,82,452,78,448,74,448,69,448,65,442,64,439,60,429,60,424,60,423,65,425,70,429,73,428,79,424,80,424,86,424,90,422,94,421,101,419,104,416,108,413,105,409,100,406,97,407,91,409,86,406,80,402,76,400,73,397,75,398,82,397,89,393,89,391,84,390,79,388,76,388,71,383,68,378,67,378,62,382,57,380,53,376,48,373,42,372,37,367,32,363,30,361,26,358,29,358,34,355,34,354,38,353,41,352,45,355,49,352,54,354,59,359,68,366,67,372,70,368,73,368,77,366,81,371,79,372,84,371,89,368,94,363,97,360,101,362,105,362,109,355,109,355,104,354,95,348,92,344,90,340,93,338,96,340,101,336,102,327,101,320,102,313,101,307,96,300,96,298,92,294,88,290,80,282,81,275,83,273,88,276,90,287,87,290,90,280,94,276,100,271,103,268,100,264,97,263,94,257,95,248,95,240,94,227,90,229,86,235,84,237,79,233,73,226,69,223,71,216,68,210,62,203,57,198,52,191,45,187,43,184,48,179,50,175,48,178,43,177,37,172,40,172,45,167,44,163,37,162,29,160,23,158,20,158,26,155,28,153,32,148,33,146,32,139,34,136,32,140,29,147,25,140,25,135,25,128,28,124,28,120,31,117,30,117,25,113,24,105,25,102,27,104,33,100,35,97,30,90,23,85,13\"\n\t\t\t\t\thref=\"#hotspot-hotspot-1426-2\"\n\t\t\t\t\trel=\"\"\n\t\t\t\t\ttitle=\"Dirk Andrews\"\n\t\t\t\t\talt=\"Dirk Andrews\"\n\t\t\t\t\tdata-action=\"\"\n\t\t\t\t\tdata-color-scheme=\"\"\n\t\t\t\t\ttarget=\"\"\n\t\t\t\t\tclass=\"more-info-area\"\n\t\t\t\t\t>\n\t\t\t\t\t\t\t\t\t\t\t<area\n\t\t\t\t\tshape=\"polygon\"\n\t\t\t\t\tcoords=\"97,374,161,388,159,405,161,416,172,431,166,445,174,444,184,463,199,465,195,506,52,474,53,462,62,446,70,428,71,412,75,397,73,381\"\n\t\t\t\t\thref=\"#hotspot-hotspot-1426-3\"\n\t\t\t\t\trel=\"\"\n\t\t\t\t\ttitle=\"Kevin Bower\"\n\t\t\t\t\talt=\"Kevin Bower\"\n\t\t\t\t\tdata-action=\"\"\n\t\t\t\t\tdata-color-scheme=\"\"\n\t\t\t\t\ttarget=\"\"\n\t\t\t\t\tclass=\"more-info-area\"\n\t\t\t\t\t>\n\t\t\t\t\t\t\t\t\t\t\t<area\n\t\t\t\t\tshape=\"polygon\"\n\t\t\t\t\tcoords=\"550,673,546,671,513,672,511,669,512,690,519,688,523,681,530,681,539,690,546,696,547,701,548,713,553,721,557,727,563,734,572,740,578,748,584,746,588,739,587,725,583,716,576,706,575,698,565,684,562,677,556,666\"\n\t\t\t\t\thref=\"#hotspot-hotspot-1426-4\"\n\t\t\t\t\trel=\"\"\n\t\t\t\t\ttitle=\"Ren\u00e9 Saxer\"\n\t\t\t\t\talt=\"Rene Saxer\"\n\t\t\t\t\tdata-action=\"\"\n\t\t\t\t\tdata-color-scheme=\"\"\n\t\t\t\t\ttarget=\"\"\n\t\t\t\t\tclass=\"more-info-area\"\n\t\t\t\t\t>\n\t\t\t\t\t\t\t\t\t\t\t<area\n\t\t\t\t\tshape=\"polygon\"\n\t\t\t\t\tcoords=\"635,388,632,396,632,402,630,407,633,413,629,417,630,421,626,424,624,424,623,429,607,434,594,438,585,442,581,450,578,455,578,460,576,468,569,470,564,472,557,473,552,474,552,478,554,482,550,487,546,491,538,498,542,518,542,525,540,533,537,536,533,538,531,543,528,546,527,553,524,554,526,560,529,563,533,566,536,570,537,573,529,581,537,580,552,578,574,574,589,571,608,567,606,553,610,542,611,533,613,524,614,517,616,505,613,502,615,499,619,500,633,491,635,483,639,481,639,476,644,478,651,476,654,471,647,472,643,466,641,458,641,450,642,446,646,441,651,438,655,436,651,432,656,428,662,426,666,422,670,416,666,413,662,407,658,407,655,397,651,389,648,386,643,388,639,391\"\n\t\t\t\t\thref=\"#hotspot-hotspot-1426-5\"\n\t\t\t\t\trel=\"\"\n\t\t\t\t\ttitle=\"Jake Campbell\"\n\t\t\t\t\talt=\"Jake Campbell\"\n\t\t\t\t\tdata-action=\"\"\n\t\t\t\t\tdata-color-scheme=\"\"\n\t\t\t\t\ttarget=\"\"\n\t\t\t\t\tclass=\"more-info-area\"\n\t\t\t\t\t>\n\t\t\t\t\t\t\t\t\t\t\t<area\n\t\t\t\t\tshape=\"polygon\"\n\t\t\t\t\tcoords=\"53,474,163,500,195,506,195,520,216,522,209,583,200,666,174,663,149,649,137,642,131,637,102,633,88,606,72,597,65,593,65,584,57,563,59,557,55,552,55,544,58,540,58,534,51,538,51,532,48,526,46,519,48,511,48,503,45,497,52,489\"\n\t\t\t\t\thref=\"#hotspot-hotspot-1426-6\"\n\t\t\t\t\trel=\"\"\n\t\t\t\t\ttitle=\"Dirk Andrews\"\n\t\t\t\t\talt=\"Dirk Andrews\"\n\t\t\t\t\tdata-action=\"\"\n\t\t\t\t\tdata-color-scheme=\"\"\n\t\t\t\t\ttarget=\"\"\n\t\t\t\t\tclass=\"more-info-area\"\n\t\t\t\t\t>\n\t\t\t\t\t\t\t\t\t\t\t<area\n\t\t\t\t\tshape=\"polygon\"\n\t\t\t\t\tcoords=\"319,628,325,630,330,633,337,634,342,636,347,637,352,639,356,637,362,639,367,639,373,638,379,636,386,640,393,641,393,649,394,655,394,660,392,665,396,669,398,674,401,678,402,683,400,688,400,694,396,699,389,704,382,707,377,713,370,718,363,720,357,724,352,731,350,738,350,744,350,751,353,757,348,761,344,757,339,757,335,752,329,752,327,748,326,743\"\n\t\t\t\t\thref=\"#hotspot-hotspot-1426-7\"\n\t\t\t\t\trel=\"\"\n\t\t\t\t\ttitle=\"\u00c1mbar Fuller\"\n\t\t\t\t\talt=\"Amber Fuller\"\n\t\t\t\t\tdata-action=\"\"\n\t\t\t\t\tdata-color-scheme=\"\"\n\t\t\t\t\ttarget=\"\"\n\t\t\t\t\tclass=\"more-info-area\"\n\t\t\t\t\t>\n\t\t\t\t\t\t\t\t\t\t\t<area\n\t\t\t\t\tshape=\"polygon\"\n\t\t\t\t\tcoords=\"399,698,407,698,414,700,419,699,425,696,432,700,439,704,446,703,452,700,455,693,449,693,444,693,444,688,453,688,451,683,451,676,442,677,426,676,427,671,429,665,432,660,431,656,431,651,429,646,427,639,430,633,433,627,435,622,440,616,440,611,443,605,442,601,436,601,439,596,435,594,384,597,382,591,281,588,278,665,232,661,237,666,241,671,246,677,252,682,254,688,257,692,256,698,260,703,266,705,271,708,277,707,280,700,286,697,293,699,299,701,304,704,309,712,313,719,314,725,319,731,323,736,323,743,328,750,318,628,326,630,332,632,341,634,345,639,350,636,355,639,362,638,368,639,373,637,377,636,385,639,391,642,393,650,394,657,393,662,394,668,398,673,400,677,402,684,398,691\"\n\t\t\t\t\thref=\"#hotspot-hotspot-1426-8\"\n\t\t\t\t\trel=\"\"\n\t\t\t\t\ttitle=\"Asociados de ventas de Curtis\"\n\t\t\t\t\talt=\"Curtis Sales Associates\"\n\t\t\t\t\tdata-action=\"\"\n\t\t\t\t\tdata-color-scheme=\"\"\n\t\t\t\t\ttarget=\"\"\n\t\t\t\t\tclass=\"more-info-area\"\n\t\t\t\t\t>\n\t\t\t\t\t\t\t\t\t\t\t<area\n\t\t\t\t\tshape=\"polygon\"\n\t\t\t\t\tcoords=\"273,528,282,405,352,407,351,417,354,425,355,433,356,441,359,455,355,461,360,466,360,492,412,491,417,489,420,495,421,501,427,505,432,511,430,516,423,520,422,527,418,534,416,540,420,546,424,552,428,558,433,558,435,563,432,569,439,572,446,577,444,583,449,587,449,593,443,601,436,601,439,594,383,598,382,590,382,560,376,553,379,549,372,545,296,546,296,529\"\n\t\t\t\t\thref=\"#hotspot-hotspot-1426-9\"\n\t\t\t\t\trel=\"\"\n\t\t\t\t\ttitle=\"Dirk Andrews\"\n\t\t\t\t\talt=\"Dirk Andrews\"\n\t\t\t\t\tdata-action=\"\"\n\t\t\t\t\tdata-color-scheme=\"\"\n\t\t\t\t\ttarget=\"\"\n\t\t\t\t\tclass=\"more-info-area\"\n\t\t\t\t\t>\n\t\t\t\t\t\t\t\t\t\t\t<area\n\t\t\t\t\tshape=\"polygon\"\n\t\t\t\t\tcoords=\"461,514,458,507,455,501,446,502,448,520,450,526,462,526,469,525,475,522,470,511\"\n\t\t\t\t\thref=\"#hotspot-hotspot-1426-10\"\n\t\t\t\t\trel=\"\"\n\t\t\t\t\ttitle=\"El Grupo Schwab\"\n\t\t\t\t\talt=\"The Schwab Group\"\n\t\t\t\t\tdata-action=\"\"\n\t\t\t\t\tdata-color-scheme=\"\"\n\t\t\t\t\ttarget=\"\"\n\t\t\t\t\tclass=\"more-info-area\"\n\t\t\t\t\t>\n\t\t\t\t\t\t\t\t\t\t\t<area\n\t\t\t\t\tshape=\"polygon\"\n\t\t\t\t\tcoords=\"466,615,467,667,464,672,468,678,468,684,461,683,455,687,450,682,450,676,426,677,428,669,433,661,431,657,430,651,429,645,427,639,431,630,435,621,440,616\"\n\t\t\t\t\thref=\"#hotspot-hotspot-1426-11\"\n\t\t\t\t\trel=\"\"\n\t\t\t\t\ttitle=\"Ren\u00e9 Saxer\"\n\t\t\t\t\talt=\"Rene Saxer\"\n\t\t\t\t\tdata-action=\"\"\n\t\t\t\t\tdata-color-scheme=\"\"\n\t\t\t\t\ttarget=\"\"\n\t\t\t\t\tclass=\"more-info-area\"\n\t\t\t\t\t>\n\t\t\t\t\t\t\t\t\t\t\t<area\n\t\t\t\t\tshape=\"polygon\"\n\t\t\t\t\tcoords=\"551,668,548,673,512,673,525,681,519,687,510,687,504,683,497,681,484,681,475,685,468,684,468,677,464,673,467,667,466,615,496,611,525,606,526,611,532,614,535,618,544,625,552,634,559,646,556,667\"\n\t\t\t\t\thref=\"#hotspot-hotspot-1426-12\"\n\t\t\t\t\trel=\"\"\n\t\t\t\t\ttitle=\"zac wilson\"\n\t\t\t\t\talt=\"Zac Wilson\"\n\t\t\t\t\tdata-action=\"\"\n\t\t\t\t\tdata-color-scheme=\"\"\n\t\t\t\t\ttarget=\"\"\n\t\t\t\t\tclass=\"more-info-area\"\n\t\t\t\t\t>\n\t\t\t\t\t\t\t\t\t\t\t<area\n\t\t\t\t\tshape=\"polygon\"\n\t\t\t\t\tcoords=\"419,282,388,329,369,349,371,401,375,400,376,411,383,413,389,413,395,413,401,417,410,420,416,417,422,419,430,416,433,410,439,410,442,405,454,405,461,407,465,415,471,416,477,418,477,423,481,428,484,434,490,437,500,438,511,438,519,438,525,440,538,453,536,459,528,459,520,451,523,461,521,466,522,472,521,480,518,483,515,487,514,493,509,500,515,500,522,495,526,489,536,487,541,482,551,479,549,475,543,477,541,472,549,465,560,460,569,461,578,455,582,445,591,439,623,431,624,424,630,422,630,416,632,411,631,405,633,394,635,388,640,390,649,386,653,394,657,403,662,406,668,412,688,400,693,400,690,407,684,417,684,426,691,431,695,426,700,415,701,410,708,408,714,401,724,391,731,382,736,373,729,372,726,368,725,362,722,367,721,374,721,380,715,385,707,389,702,389,693,388,679,379,677,373,677,368,676,354,666,346,643,363,625,397,625,380,635,357,642,349,651,335,686,322,707,313,715,297,728,280,733,268,719,250,701,240,683,240,670,238,650,221,633,198,610,181,606,193,609,207,601,218,588,216,575,207,568,194,568,185,554,185,534,171,520,176,505,175,498,179,502,193,502,203,512,211,510,227,507,241,519,247,531,270,528,285,517,299,508,303,527,332,522,352,512,353,497,342,489,326,485,311,481,301,456,301,435,291\"\n\t\t\t\t\thref=\"#hotspot-hotspot-1426-13\"\n\t\t\t\t\trel=\"\"\n\t\t\t\t\ttitle=\"Gary Menne\"\n\t\t\t\t\talt=\"Gary Menne\"\n\t\t\t\t\tdata-action=\"\"\n\t\t\t\t\tdata-color-scheme=\"\"\n\t\t\t\t\ttarget=\"\"\n\t\t\t\t\tclass=\"more-info-area\"\n\t\t\t\t\t>\n\t\t\t\t\t\t\t\t\t\t\t<area\n\t\t\t\t\tshape=\"polygon\"\n\t\t\t\t\tcoords=\"540,579,563,576,591,571,608,566,605,571,598,575,608,576,611,580,607,592,596,600,591,607,590,612,582,618,578,625,572,631,569,635,564,640,560,645,556,641,552,636,550,631,543,625,537,621,532,614,525,611,523,607,510,607,516,600,526,594,531,588,538,585\"\n\t\t\t\t\thref=\"#hotspot-hotspot-1426-14\"\n\t\t\t\t\trel=\"\"\n\t\t\t\t\ttitle=\"Dusty Law (Ventas proactivas)\"\n\t\t\t\t\talt=\"Dusty Law (Pro-Active Sales)\"\n\t\t\t\t\tdata-action=\"\"\n\t\t\t\t\tdata-color-scheme=\"\"\n\t\t\t\t\ttarget=\"\"\n\t\t\t\t\tclass=\"more-info-area\"\n\t\t\t\t\t>\n\t\t\t\t\t\t\t\t\t\t\t<area\n\t\t\t\t\tshape=\"polygon\"\n\t\t\t\t\tcoords=\"166,391,282,406,274,528,195,521,196,506,200,467,190,466,180,465,175,452,173,445,166,443,170,430,163,417,158,403\"\n\t\t\t\t\thref=\"#hotspot-hotspot-1426-15\"\n\t\t\t\t\trel=\"\"\n\t\t\t\t\ttitle=\"Dirk Andrews\"\n\t\t\t\t\talt=\"Dirk Andrews\"\n\t\t\t\t\tdata-action=\"\"\n\t\t\t\t\tdata-color-scheme=\"\"\n\t\t\t\t\ttarget=\"\"\n\t\t\t\t\tclass=\"more-info-area\"\n\t\t\t\t\t>\n\t\t\t\t\t\t\t\t\t\t\t<area\n\t\t\t\t\tshape=\"polygon\"\n\t\t\t\t\tcoords=\"450,593,462,592,464,589,539,579,539,584,537,586,533,588,530,591,527,592,526,595,519,599,515,599,513,603,511,608,496,610,464,616,440,617,439,613,440,608,444,604,443,598\"\n\t\t\t\t\thref=\"#hotspot-hotspot-1426-16\"\n\t\t\t\t\trel=\"\"\n\t\t\t\t\ttitle=\"Joe Flynn\"\n\t\t\t\t\talt=\"Joe Flynn\"\n\t\t\t\t\tdata-action=\"\"\n\t\t\t\t\tdata-color-scheme=\"\"\n\t\t\t\t\ttarget=\"\"\n\t\t\t\t\tclass=\"more-info-area\"\n\t\t\t\t\t>\n\t\t\t\t\t<\/map>\n\n\t\t\n\t\t\t\t\t\n\t\t\t\t\t\t<div class=\"hotspot-info\" id=\"hotspot-hotspot-1426-0\">\n\t\t\t\t\n\t\t\t\t<h2 class=\"hotspot-title\">Dirk Andrews<\/h2>\t\t\t\t\t\t\t\t<div class=\"hotspot-content\">\n\t\t\t\t\t<p><strong><a href=\"mailto:dandrews@rmlucas.com\">dandrews@rmlucas.com<\/a><br \/>\n813-789-7893<br \/>\n<\/strong><strong>Territorio: Dakota del Norte, Dakota del Sur, Nebraska, Minnesota, Iowa, Misuri, Illinois, Wisconsin, Indiana, Ohio y Kentucky<\/strong><\/p>\n\t\t\t\t<\/div>\n\t\t\t<\/div>\n\t\t\t\t\t\n\t\t\t\t\t\t<div class=\"hotspot-info\" id=\"hotspot-hotspot-1426-1\">\n\t\t\t\t\n\t\t\t\t<h2 class=\"hotspot-title\">\u00c1mbar Fuller<\/h2>\t\t\t\t\t\t\t\t<div class=\"hotspot-content\">\n\t\t\t\t\t<p><strong><a href=\"mailto:afuller@rmlucas.com\">afuller@rmlucas.com<\/a><br \/>\n214-707-1619<br \/>\nTerritorio: <\/strong><b>Nuevo M\u00e9xico, Kansas y Colorado<\/b><\/p>\n\t\t\t\t<\/div>\n\t\t\t<\/div>\n\t\t\t\t\t\n\t\t\t\t\t\t<div class=\"hotspot-info\" id=\"hotspot-hotspot-1426-2\">\n\t\t\t\t\n\t\t\t\t<h2 class=\"hotspot-title\">Dirk Andrews<\/h2>\t\t\t\t\t\t\t\t<div class=\"hotspot-content\">\n\t\t\t\t\t<p><strong><a href=\"mailto:dandrews@rmlucas.com\">dandrews@rmlucas.com<\/a><br \/>\n813-789-7893<br \/>\n<\/strong><strong>Territorio: Columbia Brit\u00e1nica, Alberta, Saskatchewan y Manitoba<\/strong><\/p>\n\t\t\t\t<\/div>\n\t\t\t<\/div>\n\t\t\t\t\t\n\t\t\t\t\t\t<div class=\"hotspot-info\" id=\"hotspot-hotspot-1426-3\">\n\t\t\t\t\n\t\t\t\t<h2 class=\"hotspot-title\">Kevin Bower<\/h2>\t\t\t\t\t\t\t\t<div class=\"hotspot-content\">\n\t\t\t\t\t<p><strong><a href=\"mailto:kevin@kealbuilding.com\" target=\"_blank\" rel=\"noopener\">kevin@kealbuilding.com<\/a><br \/>\n503-964-3218<br \/>\nTerritorio: Washington, Oreg\u00f3n e Idaho<\/strong><\/p>\n\t\t\t\t<\/div>\n\t\t\t<\/div>\n\t\t\t\t\t\n\t\t\t\t\t\t<div class=\"hotspot-info\" id=\"hotspot-hotspot-1426-4\">\n\t\t\t\t\n\t\t\t\t<h2 class=\"hotspot-title\">Ren\u00e9 Saxer<\/h2>\t\t\t\t\t\t\t\t<div class=\"hotspot-content\">\n\t\t\t\t\t<p><strong><a href=\"mailto:rsaxer@rmlucas.com\">rsaxer@rmlucas.com<\/a><br \/>\n813-270-5417<br \/>\nTerritorio: Este de Tennessee, Carolina del Norte, Carolina del Sur, Georgia del Sur y Florida<\/strong><\/p>\n\t\t\t\t<\/div>\n\t\t\t<\/div>\n\t\t\t\t\t\n\t\t\t\t\t\t<div class=\"hotspot-info\" id=\"hotspot-hotspot-1426-5\">\n\t\t\t\t\n\t\t\t\t<h2 class=\"hotspot-title\">Jake Campbell<\/h2>\t\t\t\t\t\t\t\t<div class=\"hotspot-content\">\n\t\t\t\t\t<p><strong><a href=\"mailto:jacmpbell@rmlucas.com\">jcampbell@rmlucas.com<\/a><br \/>\n717-903-6391<br \/>\nTerritorio: Nueva York, Connecticut, Rhode Island, Massachusetts, Nueva Hampshire, Vermont, Delaware, Maine, Nueva Jersey, Pensilvania, Virginia Occidental y Virginia<\/strong><\/p>\n\t\t\t\t<\/div>\n\t\t\t<\/div>\n\t\t\t\t\t\n\t\t\t\t\t\t<div class=\"hotspot-info\" id=\"hotspot-hotspot-1426-6\">\n\t\t\t\t\n\t\t\t\t<h2 class=\"hotspot-title\">Dirk Andrews<\/h2>\t\t\t\t\t\t\t\t<div class=\"hotspot-content\">\n\t\t\t\t\t<p><strong><a href=\"mailto:dandrews@rmlucas.com\">dandrews@rmlucas.com<\/a><br \/>\n813-789-7893<br \/>\nTerritorio: California, Utah, Arizona y Nevada<\/strong><\/p>\n\t\t\t\t<\/div>\n\t\t\t<\/div>\n\t\t\t\t\t\n\t\t\t\t\t\t<div class=\"hotspot-info\" id=\"hotspot-hotspot-1426-7\">\n\t\t\t\t\n\t\t\t\t<h2 class=\"hotspot-title\">\u00c1mbar Fuller<\/h2>\t\t\t\t\t\t\t\t<div class=\"hotspot-content\">\n\t\t\t\t\t<p><strong><a href=\"mailto:afuller@rmlucas.com\">afuller@rmlucas.com<\/a><br \/>\n214-707-1619<br \/>\nTerritorio: <\/strong><b>Centro y este de Texas<\/b><\/p>\n\t\t\t\t<\/div>\n\t\t\t<\/div>\n\t\t\t\t\t\n\t\t\t\t\t\t<div class=\"hotspot-info\" id=\"hotspot-hotspot-1426-8\">\n\t\t\t\t\n\t\t\t\t<h2 class=\"hotspot-title\">Asociados de ventas de Curtis<\/h2>\t\t\t\t\t\t\t\t<div class=\"hotspot-content\">\n\t\t\t\t\t<p><strong><a href=\"mailto:crosslandjrm@sbcglobal.net\">crosslandjrm@sbcglobal.net<\/a><br \/>\n817-228-1503<br \/>\nTerritorio: <\/strong><b>Oeste de Texas, Oklahoma, Arkansas y Luisiana<\/b><\/p>\n\t\t\t\t<\/div>\n\t\t\t<\/div>\n\t\t\t\t\t\n\t\t\t\t\t\t<div class=\"hotspot-info\" id=\"hotspot-hotspot-1426-9\">\n\t\t\t\t\n\t\t\t\t<h2 class=\"hotspot-title\">Dirk Andrews<\/h2>\t\t\t\t\t\t\t\t<div class=\"hotspot-content\">\n\t\t\t\t\t<p><strong><a href=\"mailto:dandrews@rmlucas.com\">dandrews@rmlucas.com<\/a><br \/>\n813-789-7893<br \/>\nTerritorio: <\/strong><b>Dakota del Norte, Dakota del Sur, Nebraska, Iowa, Kansas y Misuri<\/b><\/p>\n\t\t\t\t<\/div>\n\t\t\t<\/div>\n\t\t\t\t\t\n\t\t\t\t\t\t<div class=\"hotspot-info\" id=\"hotspot-hotspot-1426-10\">\n\t\t\t\t\n\t\t\t\t<h2 class=\"hotspot-title\">El Grupo Schwab<\/h2>\t\t\t\t\t\t\t\t<div class=\"hotspot-content\">\n\t\t\t\t\t<p><strong><a href=\"mailto:rmlucas@schwabgroup.net\">rmlucas@schwabgroup.net<\/a><br \/>\n630-373-1295<br \/>\nTerritorio: <\/strong><b>\u00c1rea de Chicago y noroeste de Indiana<\/b><\/p>\n\t\t\t\t<\/div>\n\t\t\t<\/div>\n\t\t\t\t\t\n\t\t\t\t\t\t<div class=\"hotspot-info\" id=\"hotspot-hotspot-1426-11\">\n\t\t\t\t\n\t\t\t\t<h2 class=\"hotspot-title\">Ren\u00e9 Saxer<\/h2>\t\t\t\t\t\t\t\t<div class=\"hotspot-content\">\n\t\t\t\t\t<p><strong><a href=\"mailto:rsaxer@rmlucas.com\">rsaxer@rmlucas.com<\/a><br \/>\n813-270-5417<br \/>\nTerritorio: Mississippi<\/strong><\/p>\n\t\t\t\t<\/div>\n\t\t\t<\/div>\n\t\t\t\t\t\n\t\t\t\t\t\t<div class=\"hotspot-info\" id=\"hotspot-hotspot-1426-12\">\n\t\t\t\t\n\t\t\t\t<h2 class=\"hotspot-title\">zac wilson<\/h2>\t\t\t\t\t\t\t\t<div class=\"hotspot-content\">\n\t\t\t\t\t<p><strong><a href=\"mailto:zac.exteriormaterials@gmail.com\">zac.exteriormaterials@gmail.com<\/a><br \/>\n334-224-2849<br \/>\nTerritorio: Centro de Tennessee, Alabama, norte de Georgia y Pan Handle de Florida<\/strong><\/p>\n\t\t\t\t<\/div>\n\t\t\t<\/div>\n\t\t\t\t\t\n\t\t\t\t\t\t<div class=\"hotspot-info\" id=\"hotspot-hotspot-1426-13\">\n\t\t\t\t\n\t\t\t\t<h2 class=\"hotspot-title\">Gary Menne<\/h2>\t\t\t\t\t\t\t\t<div class=\"hotspot-content\">\n\t\t\t\t\t<p><strong><a href=\"mailto:gmenne@lm2.ca\">gmenne@lm2.ca<\/a><br \/>\n905-301-1773<br \/>\n<\/strong><strong>Territorio: Ontario, Quebec, Nuevo Brunswick y Nueva Escocia<\/strong><\/p>\n\t\t\t\t<\/div>\n\t\t\t<\/div>\n\t\t\t\t\t\n\t\t\t\t\t\t<div class=\"hotspot-info\" id=\"hotspot-hotspot-1426-14\">\n\t\t\t\t\n\t\t\t\t<h2 class=\"hotspot-title\">Dusty Law (Ventas proactivas)<\/h2>\t\t\t\t\t\t\t\t<div class=\"hotspot-content\">\n\t\t\t\t\t<p><strong><a href=\"mailto:dusty@pro-activesales.com\">dusty@pro-activesales.com<\/a><br \/>\n704-677-6615<br \/>\nTerritorio: Carolina del Norte y Carolina del Sur<\/strong><\/p>\n\t\t\t\t<\/div>\n\t\t\t<\/div>\n\t\t\t\t\t\n\t\t\t\t\t\t<div class=\"hotspot-info\" id=\"hotspot-hotspot-1426-15\">\n\t\t\t\t\n\t\t\t\t<h2 class=\"hotspot-title\">Dirk Andrews<\/h2>\t\t\t\t\t\t\t\t<div class=\"hotspot-content\">\n\t\t\t\t\t<p><strong><a href=\"mailto:dandrews@rmlucas.com\">dandrews@rmlucas.com<\/a><br \/>\n813-789-7893<br \/>\nTerritorio: Montana y Wyoming<\/strong><\/p>\n\t\t\t\t<\/div>\n\t\t\t<\/div>\n\t\t\t\t\t\n\t\t\t\t\t\t<div class=\"hotspot-info\" id=\"hotspot-hotspot-1426-16\">\n\t\t\t\t\n\t\t\t\t<h2 class=\"hotspot-title\">Joe Flynn<\/h2>\t\t\t\t\t\t\t\t<div class=\"hotspot-content\">\n\t\t\t\t\t<p><strong><a href=\"mailto:jdflynn@consultant.com\">jdflynn@consultant.com<\/a><br \/>\n615-573-4015<br \/>\nTerritorio: Tennessee<\/strong><\/p>\n\t\t\t\t<\/div>\n\t\t\t<\/div>\n\t\t\t<\/div>\n\n\n\t<p><strong>NUESTRAS UBICACIONES<\/strong><\/p>\n<b>Planta Alsip y Oficina Corporativa:<br \/>\n<\/b>12400 S. Laramie Ave<br \/>\nAlsip, IL 60803\u00a0\n<b>\u00a0<\/b><b>Planta de Chicago:<br \/>\n<\/b>3211 S. Madera St.<br \/>\nChicago, IL 60608\u00a0\n\t<p>&nbsp;<\/p>\n<b>Almac\u00e9n de Austin:<br \/>\n<\/b>11756 S Austin Ave.<br \/>\nAlsip, IL 60803 \n\t<p>&nbsp;<\/p>\n<b>Oficina General:<br \/>\n<\/b>773-523-4300\u00a0\n<b>Fax general:<br \/>\n<\/b>773-523-3290\u00a0","protected":false},"excerpt":{"rendered":"<p>ENCUENTRE SU ADMINISTRADOR DE TERRITORIO DE LUCAS Pase el cursor sobre su \u00e1rea de Am\u00e9rica del Norte para ver el nombre de su administrador de territorio. Haga clic en su regi\u00f3n para revelar informaci\u00f3n de contacto. NUESTRAS UBICACIONES Planta Alsip y oficina corporativa: 12400 S. Laramie Ave Alsip, IL 60803 Planta Chicago: 3211\u2026<\/p>","protected":false},"author":3,"featured_media":0,"parent":0,"menu_order":0,"comment_status":"closed","ping_status":"closed","template":"","meta":{"_acf_changed":false,"content-type":"","inline_featured_image":false,"footnotes":""},"class_list":["post-2200","page","type-page","status-publish","hentry"],"acf":[],"_links":{"self":[{"href":"https:\/\/rmlucas.com\/es\/wp-json\/wp\/v2\/pages\/2200","targetHints":{"allow":["GET"]}}],"collection":[{"href":"https:\/\/rmlucas.com\/es\/wp-json\/wp\/v2\/pages"}],"about":[{"href":"https:\/\/rmlucas.com\/es\/wp-json\/wp\/v2\/types\/page"}],"author":[{"embeddable":true,"href":"https:\/\/rmlucas.com\/es\/wp-json\/wp\/v2\/users\/3"}],"replies":[{"embeddable":true,"href":"https:\/\/rmlucas.com\/es\/wp-json\/wp\/v2\/comments?post=2200"}],"version-history":[{"count":4,"href":"https:\/\/rmlucas.com\/es\/wp-json\/wp\/v2\/pages\/2200\/revisions"}],"predecessor-version":[{"id":2251,"href":"https:\/\/rmlucas.com\/es\/wp-json\/wp\/v2\/pages\/2200\/revisions\/2251"}],"wp:attachment":[{"href":"https:\/\/rmlucas.com\/es\/wp-json\/wp\/v2\/media?parent=2200"}],"curies":[{"name":"gracias","href":"https:\/\/api.w.org\/{rel}","templated":true}]}}