{"id":2171,"date":"2023-09-07T17:59:40","date_gmt":"2023-09-07T17:59:40","guid":{"rendered":"https:\/\/rmlucas.com\/?page_id=2171"},"modified":"2025-06-13T14:31:44","modified_gmt":"2025-06-13T14:31:44","slug":"warranty-copy","status":"publish","type":"page","link":"https:\/\/rmlucas.com\/es\/warranty-copy\/","title":{"rendered":"Recursos"},"content":{"rendered":"<h2>\n\t\tRecursos\n\t<\/h2>\n<h2>\n\t\tRegistre la garant\u00eda de su material\n\t<\/h2>\n\t<p>Garant\u00eda de materiales del fabricante de RM Lucas RM Lucas Co. cubre el Producto Lucas instalado para que est\u00e9 libre de defectos de fabricaci\u00f3n desde la fecha de instalaci\u00f3n hasta el final de los t\u00e9rminos de la garant\u00eda. Si se demuestra que el producto tiene defectos de fabricaci\u00f3n, RM Lucas Co. proporcionar\u00e1 cantidades suficientes del mismo producto Lucas o de uno equivalente para reemplazar el producto defectuoso.<\/p>\n\t\t\t<a href=\"https:\/\/rmlucas.com\/es\/warranty\/\" target=\"_self\" rel=\"noopener\">\n\t\t\t\t\t\t\tRegistre su garant\u00eda de material aqu\u00ed\n\t\t\t\t\t<\/a>\n<h2>\n\t\tSe buscan contratistas\n\t<\/h2>\n\t<p>\u00bfEs usted un contratista? \u00bfUtiliza o desea aprender m\u00e1s sobre revestimientos para techos? \u00bfTe gustan los descuentos y las cosas gratis? \u00a1Entonces eres exactamente quien estamos buscando! \u00a1El equipo de Lucas est\u00e1 buscando contratistas interesados en reembolsos exclusivos, eventos educativos y REGALOS GRATIS!<\/p>\n\t\t\t<a href=\"https:\/\/rmlucas.com\/es\/contractors-wanted\/\" target=\"_self\" rel=\"noopener\">\n\t\t\t\t\t\t\tContratistas reg\u00edstrese aqu\u00ed\n\t\t\t\t\t<\/a>\n\t<p><strong>NUESTRAS UBICACIONES<\/strong><\/p>\n<b>Planta Alsip y Oficina Corporativa:<br \/>\n<\/b>12400 S. Laramie Ave<br \/>\nAlsip, IL 60803\u00a0\n<b>\u00a0<\/b><b>Planta de Chicago:<br \/>\n<\/b>3211 S. Madera St.<br \/>\nChicago, IL 60608\u00a0\n\t<p>&nbsp;<\/p>\n<b>Planta Orlando:<br \/>\n<\/b>10101 general dr.<br \/>\nOrlando, FL 32824\u00a0\n<b>Planta Mesa:<br \/>\n<\/b>3130 N. Oakland<br \/>\nMesa, AZ 85215 \n\n\t<p>&nbsp;<\/p>\n<b>Oficina General:<br \/>\n<\/b>773-523-4300\u00a0\n<b>Fax general:<br \/>\n<\/b>773-523-3290\u00a0","protected":false},"excerpt":{"rendered":"<p>Recursos Registre su garant\u00eda de material La garant\u00eda de material del fabricante de RM Lucas RM Lucas Co. cubre el producto Lucas instalado para que est\u00e9 libre de defectos de fabricaci\u00f3n desde la fecha de instalaci\u00f3n hasta el final de los t\u00e9rminos de la garant\u00eda. Si el producto resulta defectuoso en su fabricaci\u00f3n, RM Lucas Co. proporcionar\u00e1 cantidades suficientes de...<\/p>","protected":false},"author":3,"featured_media":0,"parent":0,"menu_order":0,"comment_status":"closed","ping_status":"closed","template":"","meta":{"_acf_changed":false,"content-type":"","inline_featured_image":false,"footnotes":""},"class_list":["post-2171","page","type-page","status-publish","hentry"],"acf":[],"_links":{"self":[{"href":"https:\/\/rmlucas.com\/es\/wp-json\/wp\/v2\/pages\/2171","targetHints":{"allow":["GET"]}}],"collection":[{"href":"https:\/\/rmlucas.com\/es\/wp-json\/wp\/v2\/pages"}],"about":[{"href":"https:\/\/rmlucas.com\/es\/wp-json\/wp\/v2\/types\/page"}],"author":[{"embeddable":true,"href":"https:\/\/rmlucas.com\/es\/wp-json\/wp\/v2\/users\/3"}],"replies":[{"embeddable":true,"href":"https:\/\/rmlucas.com\/es\/wp-json\/wp\/v2\/comments?post=2171"}],"version-history":[{"count":10,"href":"https:\/\/rmlucas.com\/es\/wp-json\/wp\/v2\/pages\/2171\/revisions"}],"predecessor-version":[{"id":2186,"href":"https:\/\/rmlucas.com\/es\/wp-json\/wp\/v2\/pages\/2171\/revisions\/2186"}],"wp:attachment":[{"href":"https:\/\/rmlucas.com\/es\/wp-json\/wp\/v2\/media?parent=2171"}],"curies":[{"name":"gracias","href":"https:\/\/api.w.org\/{rel}","templated":true}]}}