{"id":2152,"date":"2023-09-06T14:08:53","date_gmt":"2023-09-06T14:08:53","guid":{"rendered":"https:\/\/rmlucas.com\/?page_id=2152"},"modified":"2025-07-21T20:43:53","modified_gmt":"2025-07-21T20:43:53","slug":"warranty","status":"publish","type":"page","link":"https:\/\/rmlucas.com\/es\/warranty\/","title":{"rendered":"registro de garant\u00eda"},"content":{"rendered":"<h2>\n\t\t\tRegistre la garant\u00eda de su material\t<\/h2>\n\t<h2>Solicite su garant\u00eda de material Lucas<\/h2>\nComplete el formulario a continuaci\u00f3n para solicitar su garant\u00eda de material Lucas.\n\t<p><iframe title=\"Formulario de HubSpot integrado\" src=\"https:\/\/share.hsforms.com\/1LRJrcgIKTEGuRo6apGdNqAcfub1\" height=\"1748\" frameborder=\"0\" scrolling=\"no\" sandbox=\"allow-popups-to-escape-sandbox allow-top-navigation allow-scripts allow-popups allow-forms allow-same-origin\"> <a href=\"https:\/\/rmlucasforms.wufoo.com\/forms\/z1148hmy18vfwm2\/\">\u00a1Rellena mi formulario de Wufoo!<\/a> <\/iframe><\/p>\n\t<p><strong>NUESTRAS UBICACIONES<\/strong><\/p>\n<b>Planta Alsip y Oficina Corporativa:<br \/>\n<\/b>12400 S. Laramie Ave<br \/>\nAlsip, IL 60803\u00a0\n<b>\u00a0<\/b><b>Planta de Chicago:<br \/>\n<\/b>3211 S. Madera St.<br \/>\nChicago, IL 60608\u00a0\n\t<p>&nbsp;<\/p>\n<b>Almac\u00e9n de Austin:<br \/>\n<\/b>11752 S Austin Ave.<br \/>\nAlsip, IL 60803 \n\t<p>&nbsp;<\/p>\n<b>Oficina General:<br \/>\n<\/b>773-523-4300\u00a0\n<b>Fax general:<br \/>\n<\/b>773-523-3290\u00a0","protected":false},"excerpt":{"rendered":"<p>Registre su garant\u00eda de materiales Solicite su garant\u00eda de materiales Lucas Complete el formulario a continuaci\u00f3n para solicitar su garant\u00eda de materiales Lucas. \u00a1Complete mi formulario Wufoo! NUESTRAS UBICACIONES Planta y oficina corporativa de Alsip: 12400 S. Laramie Ave Alsip, IL 60803 Planta de Chicago: 3211 S.\u2026<\/p>","protected":false},"author":3,"featured_media":0,"parent":0,"menu_order":0,"comment_status":"closed","ping_status":"closed","template":"","meta":{"_acf_changed":false,"content-type":"","inline_featured_image":false,"footnotes":""},"class_list":["post-2152","page","type-page","status-publish","hentry"],"acf":[],"_links":{"self":[{"href":"https:\/\/rmlucas.com\/es\/wp-json\/wp\/v2\/pages\/2152","targetHints":{"allow":["GET"]}}],"collection":[{"href":"https:\/\/rmlucas.com\/es\/wp-json\/wp\/v2\/pages"}],"about":[{"href":"https:\/\/rmlucas.com\/es\/wp-json\/wp\/v2\/types\/page"}],"author":[{"embeddable":true,"href":"https:\/\/rmlucas.com\/es\/wp-json\/wp\/v2\/users\/3"}],"replies":[{"embeddable":true,"href":"https:\/\/rmlucas.com\/es\/wp-json\/wp\/v2\/comments?post=2152"}],"version-history":[{"count":22,"href":"https:\/\/rmlucas.com\/es\/wp-json\/wp\/v2\/pages\/2152\/revisions"}],"predecessor-version":[{"id":2793,"href":"https:\/\/rmlucas.com\/es\/wp-json\/wp\/v2\/pages\/2152\/revisions\/2793"}],"wp:attachment":[{"href":"https:\/\/rmlucas.com\/es\/wp-json\/wp\/v2\/media?parent=2152"}],"curies":[{"name":"gracias","href":"https:\/\/api.w.org\/{rel}","templated":true}]}}