{"id":2033,"date":"2023-04-26T13:37:49","date_gmt":"2023-04-26T13:37:49","guid":{"rendered":"https:\/\/rmlucas.com\/?page_id=2033"},"modified":"2025-10-30T18:34:55","modified_gmt":"2025-10-30T18:34:55","slug":"contractors-wanted","status":"publish","type":"page","link":"https:\/\/rmlucas.com\/es\/contractors-wanted\/","title":{"rendered":"Se buscan contratistas"},"content":{"rendered":"<img loading=\"lazy\" decoding=\"async\" src=\"https:\/\/rmlucas.com\/wp-content\/uploads\/2023\/04\/ContractorsWantedSign.png\" alt=\"ContractorsWantedSign\" itemprop=\"image\" height=\"2200\" width=\"2346\" title=\"ContratistasQuer\u00edaSigno\" onerror=\"this.style.display='none'\">\n\t<h4><strong>Complete este formulario para obtener m\u00e1s informaci\u00f3n sobre ofertas especiales, reembolsos, eventos, capacitaci\u00f3n y obsequios.<\/strong><\/h4>\n\t\n\t\t\t\t\t\t<script>\n\t\t\t\t\t\t\twindow.hsFormsOnReady = window.hsFormsOnReady || [];\n\t\t\t\t\t\t\twindow.hsFormsOnReady.push(()=>{\n\t\t\t\t\t\t\t\thbspt.forms.create({\n\t\t\t\t\t\t\t\t\tportalId: 20894509,\n\t\t\t\t\t\t\t\t\tformId: \"9de07743-9194-458b-81a2-8c8455b35ba6\",\n\t\t\t\t\t\t\t\t\ttarget: \"#hbspt-form-1775519844000-8333381563\",\n\t\t\t\t\t\t\t\t\tregion: \"na1\",\n\t\t\t\t\t\t\t\t\t\n\t\t\t\t\t\t\t})});\n\t\t\t\t\t\t<\/script>\n\t\t\t\t\t\t<div class=\"hbspt-form\" id=\"hbspt-form-1775519844000-8333381563\"><\/div>\n\t<p><strong>NUESTRAS UBICACIONES<\/strong><\/p>\n<b>Planta Alsip y Oficina Corporativa:<br>\n<\/b>12400 S. Laramie Ave<br>\nAlsip, IL 60803&nbsp;\n<b>&nbsp;<\/b><b>Planta de Chicago:<br>\n<\/b>3211 S. Madera St.<br>\nChicago, IL 60608&nbsp;\n\t<p>&nbsp;<\/p>\n<b>Planta Orlando:<br>\n<\/b>10101 general dr.<br>\nOrlando, FL 32824&nbsp;\n<b>Planta Mesa:<br>\n<\/b>3130 N. Oakland<br>\nMesa, AZ 85215 \n\n\t<p>&nbsp;<\/p>\n<b>Oficina General:<br>\n<\/b>773-523-4300&nbsp;\n<b>Fax general:<br>\n<\/b>773-523-3290","protected":false},"excerpt":{"rendered":"<p>Complete este formulario para obtener m\u00e1s informaci\u00f3n sobre ofertas especiales, reembolsos, eventos, capacitaci\u00f3n y obsequios. NUESTRAS UBICACIONES Planta Alsip y oficina corporativa: 12400 S. Laramie Ave Alsip, IL 60803 Planta Chicago: 3211 S. Wood St. Chicago, IL 60608 Planta Orlando: 10101 General\u2026<\/p>","protected":false},"author":3,"featured_media":0,"parent":0,"menu_order":0,"comment_status":"closed","ping_status":"closed","template":"","meta":{"_acf_changed":false,"content-type":"","inline_featured_image":false,"footnotes":""},"class_list":["post-2033","page","type-page","status-publish","hentry"],"acf":[],"_links":{"self":[{"href":"https:\/\/rmlucas.com\/es\/wp-json\/wp\/v2\/pages\/2033","targetHints":{"allow":["GET"]}}],"collection":[{"href":"https:\/\/rmlucas.com\/es\/wp-json\/wp\/v2\/pages"}],"about":[{"href":"https:\/\/rmlucas.com\/es\/wp-json\/wp\/v2\/types\/page"}],"author":[{"embeddable":true,"href":"https:\/\/rmlucas.com\/es\/wp-json\/wp\/v2\/users\/3"}],"replies":[{"embeddable":true,"href":"https:\/\/rmlucas.com\/es\/wp-json\/wp\/v2\/comments?post=2033"}],"version-history":[{"count":9,"href":"https:\/\/rmlucas.com\/es\/wp-json\/wp\/v2\/pages\/2033\/revisions"}],"predecessor-version":[{"id":2196,"href":"https:\/\/rmlucas.com\/es\/wp-json\/wp\/v2\/pages\/2033\/revisions\/2196"}],"wp:attachment":[{"href":"https:\/\/rmlucas.com\/es\/wp-json\/wp\/v2\/media?parent=2033"}],"curies":[{"name":"gracias","href":"https:\/\/api.w.org\/{rel}","templated":true}]}}