{"id":19,"date":"2022-03-30T21:37:51","date_gmt":"2022-03-30T21:37:51","guid":{"rendered":"http:\/\/rmlucas.com\/?page_id=19"},"modified":"2023-09-07T18:07:54","modified_gmt":"2023-09-07T18:07:54","slug":"about","status":"publish","type":"page","link":"https:\/\/rmlucas.com\/es\/about\/","title":{"rendered":"Sobre"},"content":{"rendered":"<h2>\n\t\tAcerca de la empresa RM Lucas\n\t<\/h2>\n<h2>\n\t\tLa historia de RM Lucas\n\t<\/h2>\n\t\t\t\t<img loading=\"lazy\" decoding=\"async\" src=\"https:\/\/rmlucas.com\/wp-content\/uploads\/2022\/07\/IMG_3552-scaled.jpeg\" alt=\"RM Lucas Company\" itemprop=\"image\" height=\"1920\" width=\"2560\" title=\"IMG_3552\" onerror=\"this.style.display='none'\">\n\t\tLas nuevas instalaciones de investigaci\u00f3n y fabricaci\u00f3n de la sede corporativa de Lucas en Alsip, IL, se abrieron en 2015.\n\t<p>RM Lucas Company fue fundada por Robert M. Lucas en 1912. Nuestra planta de fabricaci\u00f3n original estaba ubicada en 1955 W. 31st Street en Chicago, Illinois. RM Lucas Co. fabricaba pinturas a base de aceite y asfalto. A medida que el asfalto comenz\u00f3 a reemplazar al alquitr\u00e1n de hulla como el principal bet\u00fan utilizado en los techos, los cementos y revestimientos Lucas fueron aceptados y ampliamente utilizados en este nuevo tipo de construcci\u00f3n.<\/p>\n<p>En 1954, Lawrence J. Barry compr\u00f3 la planta y la marca registrada de RM Lucas Co. y se convirti\u00f3 en una subsidiaria de su compa\u00f1\u00eda, Union Chemical and Oil Co., un fabricante de revestimientos para techos, productos qu\u00edmicos para impermeabilizaci\u00f3n y tratamiento de agua desde 1935. El equipo, los empleados y el conocimiento t\u00e9cnico de RM Lucas Co. se transfirieron a la planta de Union Chemical, ubicada cerca en 3211 S. Wood Street, a fines de 1956.<\/p>\n<p>En 1956, la propiedad de Union Chemical &amp; Oil y su subsidiaria RM Lucas Co. pas\u00f3 a John L. Barry de su padre. Los productos Lucas para ferrocarriles se descontinuaron gradualmente a medida que la compa\u00f1\u00eda enfoc\u00f3 sus esfuerzos en el creciente mercado de techos de asfalto de poca pendiente. En particular, RM Lucas se convirti\u00f3 en el principal proveedor de cementos y revestimientos para techos de alta calidad en el mercado de Chicago. La porci\u00f3n de productos para techos del negocio tuvo \u00e9xito en la medida en que Union Chemical and Oil Co. fue absorbida por su divisi\u00f3n RM Lucas Co. en 1990. La producci\u00f3n de productos qu\u00edmicos para el tratamiento del agua finaliz\u00f3 en 1995 para permitir un enfoque y una expansi\u00f3n de la operaci\u00f3n de recubrimientos.<\/p>\n<p>RM Lucas Co. ahora est\u00e1 dirigida por una tercera generaci\u00f3n y contin\u00faa expandi\u00e9ndose en el mercado de recubrimientos, adhesivos y selladores de grado profesional. Estamos expandiendo nuestra red de distribuidores y aplicadores en toda Am\u00e9rica del Norte mientras aumentamos el reconocimiento de nuestra marca premium. Estamos constantemente desarrollando productos nuevos e innovadores para resolver los desaf\u00edos de la evoluci\u00f3n de la tecnolog\u00eda de la construcci\u00f3n. Un enfoque en productos de calidad para el contratista profesional es la base de nuestra empresa y nuestro plan para el \u00e9xito futuro.<\/p>\n\t\t\t\t<img loading=\"lazy\" decoding=\"async\" src=\"https:\/\/rmlucas.com\/wp-content\/uploads\/2022\/07\/rmLucasNewDocks.jpg\" alt=\"RM Lucas Company\" itemprop=\"image\" height=\"506\" width=\"966\" title=\"rmLucasNewMuelles\" onerror=\"this.style.display='none'\">\n\t\tEl nuevo almac\u00e9n de Chicago se complet\u00f3 en 2009.\n\t<p><strong>NUESTRAS UBICACIONES<\/strong><\/p>\n<b>Planta Alsip y Oficina Corporativa:<br>\n<\/b>12400 S. Laramie Ave<br>\nAlsip, IL 60803&nbsp;\n<b>&nbsp;<\/b><b>Planta de Chicago:<br>\n<\/b>3211 S. Madera St.<br>\nChicago, IL 60608&nbsp;\n\t<p>&nbsp;<\/p>\n<b>Planta Orlando:<br>\n<\/b>10101 general dr.<br>\nOrlando, FL 32824&nbsp;\n<b>Planta F\u00e9nix:<br>\n<\/b>44 N. 45th Ave.<br>\nPhoenix, Arizona 85043&nbsp;\n\n\t<p>&nbsp;<\/p>\n<b>Oficina General:<br>\n<\/b>773-523-4300&nbsp;\n<b>Fax general:<br>\n<\/b>773-523-3290","protected":false},"excerpt":{"rendered":"<p>Acerca de RM Lucas Company La historia de RM Lucas La nueva sede corporativa, centro de investigaci\u00f3n y fabricaci\u00f3n de Lucas en Alsip, IL, se inaugur\u00f3 en 2015. RM Lucas Company fue fundada por Robert M. Lucas en 1912. Nuestra planta de fabricaci\u00f3n original estaba ubicada en 1955 W. Calle 31 en Chicago, Illinois. RM Lucas Co. fabric\u00f3 asfalto y\u2026<\/p>","protected":false},"author":1,"featured_media":0,"parent":0,"menu_order":0,"comment_status":"closed","ping_status":"closed","template":"","meta":{"_acf_changed":false,"content-type":"","inline_featured_image":false,"footnotes":""},"class_list":["post-19","page","type-page","status-publish","hentry"],"acf":[],"_links":{"self":[{"href":"https:\/\/rmlucas.com\/es\/wp-json\/wp\/v2\/pages\/19","targetHints":{"allow":["GET"]}}],"collection":[{"href":"https:\/\/rmlucas.com\/es\/wp-json\/wp\/v2\/pages"}],"about":[{"href":"https:\/\/rmlucas.com\/es\/wp-json\/wp\/v2\/types\/page"}],"author":[{"embeddable":true,"href":"https:\/\/rmlucas.com\/es\/wp-json\/wp\/v2\/users\/1"}],"replies":[{"embeddable":true,"href":"https:\/\/rmlucas.com\/es\/wp-json\/wp\/v2\/comments?post=19"}],"version-history":[{"count":11,"href":"https:\/\/rmlucas.com\/es\/wp-json\/wp\/v2\/pages\/19\/revisions"}],"predecessor-version":[{"id":2065,"href":"https:\/\/rmlucas.com\/es\/wp-json\/wp\/v2\/pages\/19\/revisions\/2065"}],"wp:attachment":[{"href":"https:\/\/rmlucas.com\/es\/wp-json\/wp\/v2\/media?parent=19"}],"curies":[{"name":"gracias","href":"https:\/\/api.w.org\/{rel}","templated":true}]}}