{"id":1447,"date":"2022-11-15T21:27:11","date_gmt":"2022-11-15T21:27:11","guid":{"rendered":"https:\/\/rmlucas.com\/?page_id=1447"},"modified":"2023-09-14T14:28:27","modified_gmt":"2023-09-14T14:28:27","slug":"careers","status":"publish","type":"page","link":"https:\/\/rmlucas.com\/es\/careers\/","title":{"rendered":"Carreras"},"content":{"rendered":"<h2>\n\t\tCARRERAS\n\t<\/h2>\n\t\t\t\t<img loading=\"lazy\" decoding=\"async\" src=\"https:\/\/rmlucas.com\/wp-content\/uploads\/2023\/09\/CareersBanner.jpg\" alt=\"CareersBanner\" itemprop=\"image\" height=\"383\" width=\"1080\" title=\"CarrerasBanner\" onerror=\"this.style.display='none'\"  \/>\n\t<h1>CARRERAS<\/h1>\n<p><strong><em>RM Lucas ofrece un ambiente de trabajo positivo, un equipo de empleados comprometidos y una larga historia de excelencia en fabricaci\u00f3n.<\/em><\/strong><\/p>\n<p>Desde 1912, RM Lucas ha sido un innovador en la industria de revestimientos para techos. Nos enorgullecemos de ofrecer recubrimientos, selladores y adhesivos de calidad profesional para el sector de techado. El equipo de Lucas es un grupo de personas talentosas que trabajan con el objetivo com\u00fan de brindar un valor excepcional y una excelente experiencia al cliente. Estamos comprometidos a ser un empleador preferido mientras continuamos brindando soluciones de recubrimiento sustentables para nuestros clientes. Puede obtener m\u00e1s informaci\u00f3n sobre la larga historia de Lucas. <a href=\"https:\/\/rmlucas.com\/es\/about\/\">AQU\u00cd<\/a>.<\/p>\n\t<h1>Nuestros Principios y Valores<\/h1>\n\t\t\t\t<img loading=\"lazy\" decoding=\"async\" src=\"https:\/\/rmlucas.com\/wp-content\/uploads\/2023\/09\/Safety_Icon.png\" alt=\"Safety_Icon\" itemprop=\"image\" height=\"65\" width=\"74\" title=\"Icono_de_seguridad\" onerror=\"this.style.display='none'\"  \/>\n\t<h3>SEGURIDAD<\/h3>\n\t\t\t\t<img loading=\"lazy\" decoding=\"async\" src=\"https:\/\/rmlucas.com\/wp-content\/uploads\/2023\/09\/Integrity_Icon.png\" alt=\"Integrity_Icon\" itemprop=\"image\" height=\"72\" width=\"58\" title=\"Icono_integridad\" onerror=\"this.style.display='none'\"  \/>\n\t<h3>INTEGRIDAD<\/h3>\n\t\t\t\t<img loading=\"lazy\" decoding=\"async\" src=\"https:\/\/rmlucas.com\/wp-content\/uploads\/2023\/09\/Teamwork_Icon.png\" alt=\"Teamwork_Icon\" itemprop=\"image\" height=\"56\" width=\"74\" title=\"Icono_trabajo en equipo\" onerror=\"this.style.display='none'\"  \/>\n\t<h3>TRABAJO EN EQUIPO<\/h3>\n\t\t\t\t<img loading=\"lazy\" decoding=\"async\" src=\"https:\/\/rmlucas.com\/wp-content\/uploads\/2023\/09\/Respect_Icon.png\" alt=\"Respect_Icon\" itemprop=\"image\" height=\"47\" width=\"73\" title=\"Icono_respeto\" onerror=\"this.style.display='none'\"  \/>\n\t<h3>RESPETO<\/h3>\n\t\t\t\t<img loading=\"lazy\" decoding=\"async\" src=\"https:\/\/rmlucas.com\/wp-content\/uploads\/2023\/09\/Accountability_Icon.png\" alt=\"Accountability_Icon\" itemprop=\"image\" height=\"66\" width=\"74\" title=\"Icono_Responsabilidad\" onerror=\"this.style.display='none'\"  \/>\n\t<h3>RESPONSABILIDAD<\/h3>\n\t\t\t\t<img loading=\"lazy\" decoding=\"async\" src=\"https:\/\/rmlucas.com\/wp-content\/uploads\/2023\/09\/Continuous_Improvement_Icon.png\" alt=\"Continuous_Improvement_Icon\" itemprop=\"image\" height=\"73\" width=\"65\" title=\"Icono de mejora_continua\" onerror=\"this.style.display='none'\"  \/>\n\t<h3>MEJORA CONTINUA<\/h3>\n\t<h2>Inclusi\u00f3n, Diversidad y Equidad<\/h2>\n<p>Nuestro futuro depende de reclutar y retener a los mejores talentos con perspectivas y experiencias \u00fanicas que nos ayuden a crecer. El \u00e9xito requiere una fuerza laboral inclusiva y diversa que se una para desarrollar las mejores y m\u00e1s innovadoras formas de continuar con nuestra cultura de excelencia.<\/p>\n<h2>Nuestras comunidades<\/h2>\n<p>Nuestra participaci\u00f3n y contribuci\u00f3n a los necesitados nos ayudan a comprender y abordar mejor las necesidades de las diversas comunidades en las que operamos.<\/p>\n<h2>Nuestro equipo<\/h2>\n<p>La base de nuestra empresa es nuestra gente. Sin su arduo trabajo, integridad y visi\u00f3n de futuro, no estar\u00edamos donde estamos hoy. \u00danase a nosotros aportando su experiencia y habilidades \u00fanicas para contribuir a nuestro legado. Somos apasionados y buscamos constantemente a las personas m\u00e1s entusiastas y talentosas para unirse a nuestro equipo en crecimiento. Buscamos personas que se enorgullezcan de su trabajo, crezcan y se conviertan en verdaderos expertos en su campo y personas que puedan marcar la diferencia en el logro de nuestros objetivos.<\/p>\n<h2>Beneficios<\/h2>\n<ul>\n<li>Salarios competitivos<\/li>\n<li>Paquetes M\u00e9dicos Integrales<\/li>\n<li>Seguro dental<\/li>\n<li>Seguro de visi\u00f3n<\/li>\n<li>Seguro de Incapacidad a Corto Plazo<\/li>\n<li>Seguro de vida<\/li>\n<li>Coincidencia de 401K y 401K<\/li>\n<li>toma de fuerza<\/li>\n<li>Vacaciones pagadas<\/li>\n<li>Eventos de empresa<\/li>\n<\/ul>\n<h1>\n\t\tPosiciones abiertas\n\t<\/h1>\n\t<iframe src=\"https:\/\/www.paycomonline.net\/v4\/ats\/web.php\/jobs?clientkey=81C763D804CA103E75BDE42D512E67AD&amp;fromClientSide=true\"><\/iframe>\n\t<p><em>Empleador de igualdad de oportunidades. Todos los solicitantes calificados recibir\u00e1n consideraci\u00f3n para el empleo y no ser\u00e1n discriminados por motivos de raza, color, religi\u00f3n, sexo, orientaci\u00f3n sexual, identidad de g\u00e9nero, origen nacional, condici\u00f3n de veterano protegido, discapacidad, edad, embarazo, informaci\u00f3n gen\u00e9tica, credo, estado de ciudadan\u00eda. , estado civil, o cualquier otra consideraci\u00f3n prohibida por la ley o la conducta.<\/em><\/p>\n\t<p><strong>NUESTRAS UBICACIONES<\/strong><\/p>\n<b>Planta Alsip y Oficina Corporativa:<br \/>\n<\/b>12400 S. Laramie Ave<br \/>\nAlsip, IL 60803\u00a0\n<b>\u00a0<\/b><b>Planta de Chicago:<br \/>\n<\/b>3211 S. Madera St.<br \/>\nChicago, IL 60608\u00a0\n\t<p>&nbsp;<\/p>\n<b>Planta Orlando:<br \/>\n<\/b>10101 general dr.<br \/>\nOrlando, FL 32824\u00a0\n<b>Planta Mesa:<br \/>\n<\/b>3130 N. Oakland<br \/>\nMesa, AZ 85215 \n\n\t<p>&nbsp;<\/p>\n<b>Oficina General:<br \/>\n<\/b>773-523-4300\u00a0\n<b>Fax general:<br \/>\n<\/b>773-523-3290\u00a0","protected":false},"excerpt":{"rendered":"<p>CARRERAS CARRERAS RM Lucas ofrece un ambiente de trabajo positivo, un equipo de empleados comprometidos y una larga historia de excelencia en fabricaci\u00f3n. Desde 1912, RM Lucas ha sido un innovador en la industria de revestimientos para techos. Nos enorgullecemos de ofrecer recubrimientos, selladores y adhesivos de calidad profesional para el sector de techado. El equipo Lucas es un\u2026<\/p>","protected":false},"author":1,"featured_media":0,"parent":0,"menu_order":0,"comment_status":"closed","ping_status":"closed","template":"","meta":{"_acf_changed":false,"content-type":"","inline_featured_image":false,"footnotes":""},"class_list":["post-1447","page","type-page","status-publish","hentry"],"acf":[],"_links":{"self":[{"href":"https:\/\/rmlucas.com\/es\/wp-json\/wp\/v2\/pages\/1447","targetHints":{"allow":["GET"]}}],"collection":[{"href":"https:\/\/rmlucas.com\/es\/wp-json\/wp\/v2\/pages"}],"about":[{"href":"https:\/\/rmlucas.com\/es\/wp-json\/wp\/v2\/types\/page"}],"author":[{"embeddable":true,"href":"https:\/\/rmlucas.com\/es\/wp-json\/wp\/v2\/users\/1"}],"replies":[{"embeddable":true,"href":"https:\/\/rmlucas.com\/es\/wp-json\/wp\/v2\/comments?post=1447"}],"version-history":[{"count":22,"href":"https:\/\/rmlucas.com\/es\/wp-json\/wp\/v2\/pages\/1447\/revisions"}],"predecessor-version":[{"id":2244,"href":"https:\/\/rmlucas.com\/es\/wp-json\/wp\/v2\/pages\/1447\/revisions\/2244"}],"wp:attachment":[{"href":"https:\/\/rmlucas.com\/es\/wp-json\/wp\/v2\/media?parent=1447"}],"curies":[{"name":"gracias","href":"https:\/\/api.w.org\/{rel}","templated":true}]}}