{"id":13,"date":"2022-03-30T21:36:55","date_gmt":"2022-03-30T21:36:55","guid":{"rendered":"http:\/\/rmlucas.com\/?page_id=13"},"modified":"2023-03-14T15:56:33","modified_gmt":"2023-03-14T15:56:33","slug":"faqs","status":"publish","type":"page","link":"https:\/\/rmlucas.com\/es\/faqs\/","title":{"rendered":"preguntas frecuentes"},"content":{"rendered":"<h2>\n\t\tPREGUNTAS FRECUENTES\n\t<\/h2>\n\t<h4><strong>P: \u00bfQu\u00e9 son los \u201crevestimientos para techos fr\u00edos\u201d?<\/strong><\/h4>\n<p><strong>A:<\/strong> Tradicionalmente, la mayor\u00eda de los techos de las grandes ciudades han sido planos y negros. Los techos negros absorben hasta 90% de energ\u00eda solar y pueden calentarse hasta 80\u00baF por encima de la temperatura ambiente. Los revestimientos blancos de la marca Lucas reflejan el calor de los edificios y dan como resultado temperaturas de la superficie del techo tan bajas como 10 \u00b0F por encima de la temperatura del aire ambiente. Se ha comprobado que los techos blancos reducen la temperatura interior de los edificios en aproximadamente 5 \u00b0F. El ahorro promedio en costos de enfriamiento con un revestimiento de techo blanco es de 15%.<\/p>\n<h4>P: \u00bfPor qu\u00e9 elegir los revestimientos para techos de Lucas?<\/h4>\n<p><strong>A:<\/strong> Desde 1912, los profesionales del techado han confiado en los recubrimientos de la marca Lucas por su durabilidad y facilidad de aplicaci\u00f3n. Los profesionales de techado eligen Lucas Coatings porque son la soluci\u00f3n m\u00e1s econ\u00f3mica, respetuosa con el medio ambiente y respaldada por garant\u00eda para las necesidades de sus clientes.<\/p>\n<h4>P: \u00bfCu\u00e1les son las recomendaciones de aplicaci\u00f3n por aspersi\u00f3n de Lucas Coatings?<\/h4>\n<p><strong>A:<\/strong> Consulte las recomendaciones de cobertura y rociado en las p\u00e1ginas de productos individuales o consulte nuestro cat\u00e1logo impreso.<\/p>\n<h4>P: \u00bfCu\u00e1les son mejores, los recubrimientos elastom\u00e9ricos de curado por humedad, a base de agua o solventes?<\/h4>\n<p><strong>A:<\/strong> Los recubrimientos de curado por humedad, a base de agua y solventes tienen sus ventajas.<\/p>\n<p>Los recubrimientos a base de solventes tienden a ser m\u00e1s impermeables, se pueden usar en climas m\u00e1s fr\u00edos, no se congelan, se ven menos afectados por la humedad y la lluvia despu\u00e9s de la aplicaci\u00f3n y se adhieren a ciertas superficies, como TPO, que los recubrimientos a base de agua a menudo no se adhieren.<\/p>\n<p>Los revestimientos a base de agua tienen menos olor, son &quot;transpirables&quot;, por lo que son m\u00e1s adecuados para mamposter\u00eda, son menos propensos a &quot;perforarse&quot; o decolorarse cuando se aplican sobre asfalto y, en general, son m\u00e1s f\u00e1ciles de rociar ya que no cambian significativamente la viscosidad a diferentes temperaturas.<\/p>\n<p>Los recubrimientos de curado por humedad permiten s\u00f3lidos de hasta 1001 TP2T, por lo que el espesor de la pel\u00edcula por volumen aplicado es mayor. Generalmente son de bajo olor y bajo VOC. Las ventajas y desventajas son una vida \u00fatil m\u00e1s corta y una adhesi\u00f3n limitada a algunas superficies, incluidos TPO y asfalto que requieren imprimaciones. Si bien no se congelar\u00e1n, los revestimientos de curado por humedad no se curar\u00e1n normalmente cuando las temperaturas est\u00e1n por debajo del punto de congelaci\u00f3n y hay poca humedad libre en el aire.<\/p>\n<h4>P: \u00bfQu\u00e9 es el punto de roc\u00edo y por qu\u00e9 es importante?<\/h4>\n<p><strong>A:<\/strong> El punto de roc\u00edo es el punto en el que la humedad del aire se condensa en agua l\u00edquida. Muchos revestimientos de Lucas requieren una superficie seca. Las superficies pueden parecer secas, pero la humedad se condensar\u00e1 a medida que se aplique el revestimiento porque la aplicaci\u00f3n del revestimiento a menudo bajar\u00e1 la temperatura de la superficie del techo en el punto de aplicaci\u00f3n, lo que provocar\u00e1 que las gotas de agua l\u00edquida queden atrapadas debajo o encapsuladas en el revestimiento. Consulte esta tabla para obtener m\u00e1s informaci\u00f3n:<img loading=\"lazy\" decoding=\"async\" src=\"https:\/\/rmlucas.com\/wp-content\/uploads\/2023\/03\/Lucas-Dew-Point-Chart-7-19-1024x394.jpg\" alt=\"Dew Point Chart for Roof Coatings\" width=\"1024\" height=\"394\" \/><\/p>\n<h4>P: \u00bfQu\u00e9 son la reflectividad y la emisividad y por qu\u00e9 son importantes?<\/h4>\n<p><strong>A:<\/strong> La reflectividad es el porcentaje de energ\u00eda solar reflejada por el revestimiento de regreso a la atm\u00f3sfera. La energ\u00eda restante que se absorbe aumenta la temperatura de la superficie del techo. Una mayor reflectividad da como resultado una menor energ\u00eda absorbida, lo que da como resultado una menor ganancia de calor potencial.<\/p>\n<p>La emisividad es una medida de la capacidad de los recubrimientos para emitir energ\u00eda solar absorbida como radiaci\u00f3n infrarroja. una mayor emisividad generalmente dar\u00e1 como resultado una superficie m\u00e1s fr\u00eda para dos materiales con la misma reflectividad. La relaci\u00f3n entre la emisividad y la temperatura del techo se complica por factores como la conductividad de la superficie del techo y la velocidad del viento que permitir\u00e1n que algunas superficies de menor emisividad arrojen energ\u00eda t\u00e9rmica de manera m\u00e1s eficiente.<\/p>\n<h4>P: \u00bfQu\u00e9 tipo de recubrimiento es m\u00e1s eficiente energ\u00e9ticamente, el negro, el aluminio o el blanco?<\/h4>\n<p><strong>A:<\/strong> La respuesta depende del clima y del porcentaje de energ\u00eda utilizada para calentar y enfriar una estructura. En climas c\u00e1lidos, el blanco es m\u00e1s eficiente, en climas templados, los recubrimientos de aluminio con alta reflectividad y menor emisividad brindan el mejor resultado. En las regiones del extremo norte, los techos de colores oscuros ahorrar\u00e1n la mayor cantidad de energ\u00eda ya que el aire acondicionado es poco com\u00fan.<\/p>\n<h4>P: \u00bfCu\u00e1l es la diferencia entre el asfalto y el alquitr\u00e1n de hulla?<\/h4>\n<p><strong>A:<\/strong> El asfalto se deriva del petr\u00f3leo crudo. Es una resina de hidrocarburo alif\u00e1tico o de &quot;cadena lineal&quot;. El alquitr\u00e1n de hulla se deriva de la destilaci\u00f3n destructiva del carb\u00f3n. Es una resina de hidrocarburo arom\u00e1tica &#039;en forma de anillo&#039;. Los dos son diferentes y generalmente incompatibles. El asfalto normalmente tiene un costo m\u00e1s bajo, se puede usar en techos inclinados a verticales, tiene buena resistencia a la degradaci\u00f3n de los rayos ultravioleta y se puede dejar desnudo o revestir en una variedad de maneras, pero tiene poca resistencia al agua &#039;estancada&#039;. El alquitr\u00e1n de hulla solo se puede usar en techos casi a nivel muerto y tiene poca resistencia a la degradaci\u00f3n de los rayos UV, por lo que siempre se debe recubrir con una capa de grava, adoquines o vegetaci\u00f3n. El alquitr\u00e1n de hulla tiene buena resistencia al agua estancada y exhibe caracter\u00edsticas de &#039;flujo en fr\u00edo&#039; o &#039;autocuraci\u00f3n&#039;.<\/p>\n<h4>P: \u00bfC\u00f3mo noto la diferencia?<\/h4>\n<p><strong>A:<\/strong> Hay una serie de indicaciones en cuanto al tipo de techo construido. La primera es que el alquitr\u00e1n de hulla siempre se recubre con grava, adoquines o vegetaci\u00f3n. Si est\u00e1 desnudo, revestido o cubierto con gr\u00e1nulos rociados, es asfalto. Si se trata de un techo de grava, el m\u00e9todo m\u00e1s simple para determinar el tipo de techo es limpiar el techo con un trapo limpio empapado en diluyente de pintura de alcoholes minerales. El alcohol mineral es un solvente alif\u00e1tico y solo es capaz de disolver el asfalto, que tambi\u00e9n es alif\u00e1tico. Los techos de asfalto dejar\u00e1n un residuo negro o marr\u00f3n oscuro en la tela, mientras que el alquitr\u00e1n de hulla dejar\u00e1 un residuo amarillo o ligeramente verde. Pueden ser necesarias varias pasadas con un pa\u00f1o limpio si el techo est\u00e1 sucio.<\/p>\n<h4>P: \u00bfQu\u00e9 permite que los cementos para techos de superficie h\u00fameda se adhieran a las superficies h\u00famedas o debajo del agua?<\/h4>\n<p><strong>A:<\/strong> Se a\u00f1ade a la masilla un &quot;surfactante&quot; soluble en aceite o jab\u00f3n. El surfactante reduce la tensi\u00f3n superficial de la masilla y permite que la humedad presente en el techo sea desplazada. La presi\u00f3n ser\u00e1 necesaria para ayudar en la adhesi\u00f3n de la masilla a las superficies mojadas. Estos tensioactivos tambi\u00e9n favorecen la penetraci\u00f3n y la adhesi\u00f3n a los tejidos de refuerzo de poli\u00e9ster.<\/p>\n<h4>P: \u00bfNo son todos los cementos asf\u00e1lticos para techos iguales?<\/h4>\n<p><strong>A:<\/strong> No, algunos fabricantes agregan grandes cantidades de relleno, fueloil recuperado (generalmente catalogado como destilado de petr\u00f3leo) \u00a1e incluso hasta 20% de agua! Los rellenos no solo aumentan el peso total del material, sino que tambi\u00e9n pueden reducir el rendimiento a largo plazo. Algunos cementos para techos disponibles comercialmente pesan m\u00e1s de 12 libras. por gal\u00f3n (60 libras por balde de 5 galones). En contraste, los cementos para techos Lucas pesan de 8.3 a 8.5 lbs. por gal\u00f3n (42 a 45 libras por balde de 5 galones).<\/p>\n<h4>P: \u00bfCu\u00e1l es la diferencia entre los cementos y revestimientos de &#039;Grado est\u00e1ndar&#039; y &#039;Grado premium&#039; de Lucas?<\/h4>\n<p><strong>A:<\/strong> Los cementos y revestimientos para techos de primera calidad de Lucas se fabrican a partir de asfaltos con un punto de ablandamiento m\u00e1s alto, lo que hace que se curen m\u00e1s r\u00e1pido, envejezcan m\u00e1s lentamente y resistan el agrietamiento oxidativo o la &quot;caim\u00e1n&quot;. Los revestimientos para techos Lucas Premium pueden soportar el tr\u00e1fico de techos antes y los cementos para techos Lucas Premium se adhieren a las superficies verticales sin combarse, incluso cuando se limpian en caliente. Por \u00faltimo, los cementos para techos Lucas Premium no contienen rellenos innecesarios como polvo de piedra caliza (carbonato de calcio), arcilla de caol\u00edn o harina de pizarra. Estos rellenos no solo aumentan el peso total del material, sino que tambi\u00e9n pueden reducir el rendimiento a largo plazo.<\/p>\n<h4>P: \u00bfC\u00f3mo debo evaluar la calidad relativa de los diferentes revestimientos de aluminio para techos?<\/h4>\n<p><strong>A:<\/strong> Lamentablemente, no existe un est\u00e1ndar claro m\u00e1s all\u00e1 de los requisitos m\u00ednimos de la norma ASTM D-2824, que cumplen todos los revestimientos de aluminio de Lucas. La reputaci\u00f3n del fabricante es primordial. El m\u00e9todo m\u00e1s simple para clasificar el revestimiento de aluminio es por el contenido de pigmento de aluminio. Algunas personas se oponen a este est\u00e1ndar al afirmar que un recubrimiento con 2 lbs. de latas de aluminio molidas tendr\u00edan el mismo valor que un recubrimiento con 2 lbs. De pasta de aluminio leafing de alta calidad. Por esta raz\u00f3n, recomendamos que los usuarios se aseguren de que, cuando los recubrimientos de aluminio se clasifiquen por peso de pigmento, la pasta de aluminio cumpla con la norma ASTM D-962 tipo 2: Especificaci\u00f3n para pigmentos en pasta y polvo de aluminio para pinturas. Otra excelente fuente de informaci\u00f3n es el Programa Energy Star de la EPA, que enumera los valores de reflectividad de varios materiales para techos.<\/p>\n<h4>P: \u00bfCu\u00e1ndo se debe aplicar el recubrimiento de techo de aluminio a un nuevo techo de asfalto o bet\u00fan modificado? \u00bfTan pronto como sea posible o despu\u00e9s de que el techo se haya curado?<\/h4>\n<p><strong>A:<\/strong> El mejor momento para aplicar el revestimiento de techo de aluminio a un techo reci\u00e9n construido es despu\u00e9s de que el techo se haya curado por completo. Esto llevar\u00e1 al menos 6 semanas. La aplicaci\u00f3n de revestimiento de techo de aluminio al asfalto sin curar probablemente dar\u00e1 como resultado una fuga de azufre y aceite y, a veces, grietas o grietas graves.<\/p>\n<p>El bet\u00fan modificado con SBS se debe recubrir tan pronto como sea posible.<\/p>\n<p>El bet\u00fan modificado APP es el techo m\u00e1s dif\u00edcil de recubrir con un revestimiento de techo de aluminio. La aplicaci\u00f3n inmediata del revestimiento reducir\u00e1 la &quot;exudaci\u00f3n&quot; o el sangrado, pero no se eliminar\u00e1, espere una decoloraci\u00f3n temporal. Esperar hasta que la membrana se haya curado permitir\u00e1 que la mayor parte del exudado se desangre. Si el techo tiene un drenaje positivo, el exudado se lavar\u00e1 del techo y el bet\u00fan modificado presentar\u00e1 un sustrato limpio y estable. Los techos con &#039;ba\u00f1eras para p\u00e1jaros&#039; pueden retener compuestos de azufre y aceite exudados en \u00e1reas bajas. Esta contaminaci\u00f3n retenida interferir\u00e1 con la adhesi\u00f3n, decolorar\u00e1 el revestimiento y puede hacer que se agriete. Esta contaminaci\u00f3n debe eliminarse con una hidrolavadora y un detergente adecuados. Es prerrogativa del contratista de techado examinar las condiciones presentes en un techo en particular y elegir la acci\u00f3n apropiada. Si tiene alguna duda, p\u00f3ngase en contacto con nuestro personal t\u00e9cnico.<\/p>\n<h4>P: \u00bfTodos los cementos para techos &#039;cauchutados&#039; son &#039;elastom\u00e9ricos&#039;?<\/h4>\n<p><strong>A:<\/strong> No necesariamente. Caucho significa que se ha agregado &#039;goma&#039; a la mezcla. Elastom\u00e9rico implica que el material tiene propiedades de elongaci\u00f3n y recuperaci\u00f3n similares a las del caucho. Algunos &#039;cauchos&#039; como el butilo, el neopreno y el SBR no impartir\u00e1n cualidades elastom\u00e9ricas a una mezcla asf\u00e1ltica. Los &#039;cauchos&#039; como SBS y SEBS lo har\u00e1n, pero solo si se agregan en cantidades suficientes a un asfalto que sea adecuado y que no est\u00e9 demasiado corrompido con rellenos econ\u00f3micos.<\/p>\n<h4>P: \u00bfCu\u00e1l es la diferencia entre &#039;impermeabilizaci\u00f3n&#039; e &#039;resistencia al agua&#039;?<\/h4>\n<p><strong>A:<\/strong> La impermeabilizaci\u00f3n resistir\u00e1 la penetraci\u00f3n de humedad a trav\u00e9s de un cimiento hacia el interior en condiciones normales. La impermeabilizaci\u00f3n har\u00e1 lo mismo incluso en presencia de presi\u00f3n hidrost\u00e1tica.<\/p>\n<h4>P: \u00bfCu\u00e1les son las ventajas y desventajas de aplicar recubrimientos con brocha, rodillo y rociador?<\/h4>\n<p><strong>A:<\/strong> La aplicaci\u00f3n con brocha permite que el revestimiento se &quot;incorpore&quot; a la superficie. Esto asegurar\u00e1 una uni\u00f3n adecuada, particularmente si la superficie est\u00e1 menos que idealmente limpia y lisa. La aplicaci\u00f3n con brocha es el m\u00e9todo que consume m\u00e1s tiempo y, a menudo, deja marcas de brocha visibles.<\/p>\n<p>Los rodillos son m\u00e1s r\u00e1pidos que las brochas y todav\u00eda permiten una medida de asistencia mec\u00e1nica en la adhesi\u00f3n a la superficie. Los rodillos tambi\u00e9n eliminan las marcas de pincel, pero a\u00fan pueden dejar una superficie texturizada. Los aplicadores deben saber que los rodillos reducir\u00e1n la tasa natural de cobertura por debajo de lo recomendado.<\/p>\n<p>La aplicaci\u00f3n por aspersi\u00f3n es el m\u00e9todo m\u00e1s r\u00e1pido de aplicaci\u00f3n de recubrimientos y generalmente deja la superficie m\u00e1s suave. La falta total de asistencia mec\u00e1nica en la adhesi\u00f3n, la dificultad para evaluar las tasas de cobertura y el peligro de &#039;sobre-rociado&#039; limitan la idoneidad de las aplicaciones de rociado.<\/p>\n<h4>P: \u00bfCu\u00e1l es la diferencia entre silanos, siloxanos y silicona?<\/h4>\n<p><strong>A:<\/strong> Los tres son mol\u00e9culas a base de silicio que tienen aplicaciones de impermeabilizaci\u00f3n de mamposter\u00eda. Los silanos son mon\u00f3meros, la m\u00e1s peque\u00f1a y simple de las tres mol\u00e9culas. Los silanos son los m\u00e1s adecuados para superficies densas como el hormig\u00f3n y la piedra cultivada. Son necesarias altas concentraciones de alrededor de 40% debido a la volatilidad del silano.<\/p>\n<p>Los olig\u00f3meros de siloxanos son mol\u00e9culas m\u00e1s grandes y complejas que los silanos. En concentraciones m\u00e1s bajas, brindan una excelente protecci\u00f3n contra la humedad en superficies m\u00e1s porosas, como bloques de concreto de cara partida. Los siloxanos se pueden mezclar con silanos para producir un tratamiento con las ventajas de ambos materiales.<\/p>\n<p>Los pol\u00edmeros de silicona son grandes mol\u00e9culas funcionales que se utilizan en masillas y selladores. Las siliconas pueden ser \u00fatiles para proteger la piedra natural porosa que tiene un ph neutro. Para aplicaciones de concreto y mamposter\u00eda, los silanos y siloxanos penetran m\u00e1s y conservan la apariencia original de la superficie.<\/p>\n<h4>P: \u00bfQu\u00e9 tipo de aislamiento es adecuado para paredes de cimientos por debajo del nivel del suelo?<\/h4>\n<p><strong>A:<\/strong> El poliestireno extruido y la fibra de vidrio r\u00edgida son los dos tipos de aislamiento m\u00e1s adecuados. El poliestireno es econ\u00f3mico y ampliamente disponible. Sin embargo, el poliestireno no permite que el agua drene hacia el desag\u00fce, es incompatible con los sistemas a base de solventes y no se recomienda su uso en \u00e1reas donde se encuentran termitas porque proporciona una ruta protegida desde la tierra hasta la estructura de madera.<\/p>\n<p>La fibra de vidrio r\u00edgida es el tipo de aislamiento m\u00e1s adecuado para cimientos subterr\u00e1neos. Es resistente a la descomposici\u00f3n, no alberga plagas y arroja agua de manera eficiente a la loseta de desag\u00fce.<\/p>\n<h4>P: \u00bfSe requiere un informe de evaluaci\u00f3n ICC para la impermeabilizaci\u00f3n con asfalto modificado con pol\u00edmeros?<\/h4>\n<p><strong>A:<\/strong> No, no se requiere un informe de investigaci\u00f3n para la impermeabilizaci\u00f3n con asfalto modificado con pol\u00edmeros, siempre que se aplique con un espesor m\u00ednimo de 40 mil\u00e9simas de pulgada seca. 40 mils de asfalto modificado con pol\u00edmeros es un \u201cm\u00e9todo aprobado\u201d por ICC para cumplir con IRC 406.2. Solo los m\u00e9todos no aprobados requieren un informe de investigaci\u00f3n.<\/p>\n<h4>P: \u00bfCu\u00e1l es la diferencia entre una \u201cpintura para mamposter\u00eda\u201d y un \u201crevestimiento impermeable para mamposter\u00eda\u201d?<\/h4>\n<p><strong>A:<\/strong> Las \u201cpinturas\u201d para mamposter\u00eda est\u00e1n pensadas como acabados decorativos para paredes de mamposter\u00eda. Los revestimientos impermeables para mamposter\u00eda son sistemas de revestimiento de alto rendimiento que ofrecen protecci\u00f3n contra la humedad transpirable y capacidades de puenteo de grietas adem\u00e1s de la decoraci\u00f3n.<\/p>\n\t<p><strong>NUESTRAS UBICACIONES<\/strong><\/p>\n<b>Planta Alsip y Oficina Corporativa:<br \/>\n<\/b>12400 S. Laramie Ave<br \/>\nAlsip, IL 60803\u00a0\n<b>\u00a0<\/b><b>Planta de Chicago:<br \/>\n<\/b>3211 S. Madera St.<br \/>\nChicago, IL 60608\u00a0\n\t<p>&nbsp;<\/p>\n<b>Planta Orlando:<br \/>\n<\/b>10101 general dr.<br \/>\nOrlando, FL 32824\u00a0\n<b>Planta Mesa:<br \/>\n<\/b>3130 N. Oakland<br \/>\nMesa, AZ 85215 \n\n\t<p>&nbsp;<\/p>\n<b>Oficina General:<br \/>\n<\/b>773-523-4300\u00a0\n<b>Fax general:<br \/>\n<\/b>773-523-3290\u00a0","protected":false},"excerpt":{"rendered":"<p>PREGUNTAS FRECUENTES P: \u00bfQu\u00e9 son los \u201crevestimientos para techos fr\u00edos\u201d? R: Tradicionalmente, la mayor\u00eda de los techos de las grandes ciudades han sido planos y negros. Los techos negros absorben hasta 90% de energ\u00eda solar y pueden calentarse hasta 80\u00baF por encima de la temperatura ambiente. Los revestimientos blancos de la marca Lucas reflejan el calor de los edificios y dan como resultado temperaturas de la superficie del techo tan bajas como...<\/p>","protected":false},"author":1,"featured_media":0,"parent":0,"menu_order":0,"comment_status":"closed","ping_status":"closed","template":"","meta":{"_acf_changed":false,"content-type":"","inline_featured_image":false,"footnotes":""},"class_list":["post-13","page","type-page","status-publish","hentry"],"acf":[],"_links":{"self":[{"href":"https:\/\/rmlucas.com\/es\/wp-json\/wp\/v2\/pages\/13","targetHints":{"allow":["GET"]}}],"collection":[{"href":"https:\/\/rmlucas.com\/es\/wp-json\/wp\/v2\/pages"}],"about":[{"href":"https:\/\/rmlucas.com\/es\/wp-json\/wp\/v2\/types\/page"}],"author":[{"embeddable":true,"href":"https:\/\/rmlucas.com\/es\/wp-json\/wp\/v2\/users\/1"}],"replies":[{"embeddable":true,"href":"https:\/\/rmlucas.com\/es\/wp-json\/wp\/v2\/comments?post=13"}],"version-history":[{"count":6,"href":"https:\/\/rmlucas.com\/es\/wp-json\/wp\/v2\/pages\/13\/revisions"}],"predecessor-version":[{"id":2027,"href":"https:\/\/rmlucas.com\/es\/wp-json\/wp\/v2\/pages\/13\/revisions\/2027"}],"wp:attachment":[{"href":"https:\/\/rmlucas.com\/es\/wp-json\/wp\/v2\/media?parent=13"}],"curies":[{"name":"gracias","href":"https:\/\/api.w.org\/{rel}","templated":true}]}}